{"id":34086,"date":"2026-02-18T11:22:07","date_gmt":"2026-02-18T10:22:07","guid":{"rendered":"https:\/\/www.tanx.fr\/NEWSLETTER\/?page_id=34086"},"modified":"2026-04-16T09:09:33","modified_gmt":"2026-04-16T08:09:33","slug":"abonnement","status":"publish","type":"page","link":"http:\/\/www.tanx.fr\/NEWSLETTER\/","title":{"rendered":""},"content":{"rendered":"<p><span style=\"font-family: courier new, courier;\">vous pouvez vous inscrire \u00e0 la newsletter pour \u00eatre inform\u00e9E des nouveaut\u00e9s dans mes marchandises, auto\u00e9ditions, zines, quand il y en a, o\u00f9 les trouver et mes \u00e9ventuelles sorties distros, expos ou ventes, en solo ou collectifs.<br \/>\n<\/span><\/p>\n<p><span style=\"font-family: courier new, courier;\">pour toute question, proposition de taf, envois \u00e0 des distros, coop\u00e9ration, collab et autres\u00a0 vous pouvez <a href=\"https:\/\/tanx.fr\/NEWSLETTER\/CONTACT\">me contacter par ici.<\/a><\/span><\/p>\n<p><span style=\"font-family: courier new, courier;\">PS : n&rsquo;oubliez pas de confirmer votre inscription et de v\u00e9rifier la boite \u00e0 SPAM au cas o\u00f9 ma r\u00e9putation me pr\u00e9c\u00e8de jusque chez votre h\u00e9bergeur.<br \/>\n<\/span><\/p>\n<p><span style=\"font-family: courier new, courier;\"><div class=\"tnp tnp-subscription \">\n<form method=\"post\" action=\"http:\/\/www.tanx.fr\/NEWSLETTER\/wp-admin\/admin-ajax.php?action=tnp&amp;na=s\">\n<input type=\"hidden\" name=\"nlang\" value=\"\">\n<div class=\"tnp-field tnp-field-firstname\"><label for=\"tnp-1\">nom \/ pseudo<\/label>\n<input class=\"tnp-name\" type=\"text\" name=\"nn\" id=\"tnp-1\" value=\"\" placeholder=\"\"><\/div>\n<div class=\"tnp-field tnp-field-email\"><label for=\"tnp-2\">E-mail<\/label>\n<input class=\"tnp-email\" type=\"email\" name=\"ne\" id=\"tnp-2\" value=\"\" placeholder=\"\" required><\/div>\n<div class=\"tnp-field tnp-privacy-field\"><label><input type=\"checkbox\" name=\"ny\" required class=\"tnp-privacy\"> I accept the privacy policy<\/label><\/div><div class=\"tnp-field tnp-field-button\" style=\"text-align: left\"><input class=\"tnp-submit\" type=\"submit\" value=\"S&#039;abonner\" style=\"\">\n<\/div>\n<\/form>\n<\/div>\n<\/span><\/p>\n<p>&nbsp;<\/p>\n","protected":false},"excerpt":{"rendered":"<p>vous pouvez vous inscrire \u00e0 la newsletter pour \u00eatre inform\u00e9E des nouveaut\u00e9s dans mes marchandises, auto\u00e9ditions, zines, quand il y en a, o\u00f9 les trouver et mes \u00e9ventuelles sorties distros, expos ou ventes, en solo ou collectifs. pour toute question, &hellip; <a href=\"http:\/\/www.tanx.fr\/NEWSLETTER\/\">Continue reading <span class=\"meta-nav\">&rarr;<\/span><\/a><\/p>\n","protected":false},"author":3,"featured_media":0,"parent":0,"menu_order":0,"comment_status":"closed","ping_status":"closed","template":"","meta":{"jetpack_post_was_ever_published":false,"footnotes":""},"class_list":["post-34086","page","type-page","status-publish","hentry"],"jetpack_shortlink":"https:\/\/wp.me\/PgLBMf-8RM","jetpack_sharing_enabled":true,"_links":{"self":[{"href":"http:\/\/www.tanx.fr\/NEWSLETTER\/wp-json\/wp\/v2\/pages\/34086","targetHints":{"allow":["GET"]}}],"collection":[{"href":"http:\/\/www.tanx.fr\/NEWSLETTER\/wp-json\/wp\/v2\/pages"}],"about":[{"href":"http:\/\/www.tanx.fr\/NEWSLETTER\/wp-json\/wp\/v2\/types\/page"}],"author":[{"embeddable":true,"href":"http:\/\/www.tanx.fr\/NEWSLETTER\/wp-json\/wp\/v2\/users\/3"}],"replies":[{"embeddable":true,"href":"http:\/\/www.tanx.fr\/NEWSLETTER\/wp-json\/wp\/v2\/comments?post=34086"}],"version-history":[{"count":1,"href":"http:\/\/www.tanx.fr\/NEWSLETTER\/wp-json\/wp\/v2\/pages\/34086\/revisions"}],"predecessor-version":[{"id":34102,"href":"http:\/\/www.tanx.fr\/NEWSLETTER\/wp-json\/wp\/v2\/pages\/34086\/revisions\/34102"}],"wp:attachment":[{"href":"http:\/\/www.tanx.fr\/NEWSLETTER\/wp-json\/wp\/v2\/media?parent=34086"}],"curies":[{"name":"wp","href":"https:\/\/api.w.org\/{rel}","templated":true}]}}