{"id":6682,"date":"2023-10-07T08:29:53","date_gmt":"2023-10-07T08:29:53","guid":{"rendered":"http:\/\/www.tanx.fr\/shopping\/?page_id=6682"},"modified":"2026-04-16T07:57:20","modified_gmt":"2026-04-16T07:57:20","slug":"infos-et-contact","status":"publish","type":"page","link":"https:\/\/www.tanx.fr\/shopping\/infos-et-contact\/","title":{"rendered":"A PROPOS"},"content":{"rendered":"<p><span style=\"font-family: courier new, courier;\">Ici je vends des fonds de stocks et ce qu&rsquo;il m&rsquo;arrive encore parfois de faire. Vous pouvez suivre\u00a0 mes \u00e9ventuelles actus (expos solo ou collective, rencontres, distros, d\u00e9mos de cuisson de frites au four, etc.) avec <strong><a href=\"http:\/\/www.tanx.fr\/NEWSLETTER\/\" target=\"_blank\" rel=\"noopener\">ma newsletter par ici<\/a>.<\/strong><\/span><br \/>\n<span style=\"font-family: courier new, courier;\"><strong>Merci de me contacter aussi si vous voulez une remise en main propre sur Paris (ou profiter d&rsquo;une punk post) avant de commander en ligne<br \/>\n<\/strong><\/span><\/p>\n<p><span style=\"font-family: courier new, courier;\"><strong>ATTENTION : Les frais de port pour l&rsquo;\u00e9tranger ont h\u00e9las augment\u00e9 suite \u00e0 la suppression du tarif <em>Livres et Brochures<\/em> de la Poste, et je passe par Mondial relay pour les envois au dessus de l&rsquo;enveloppe traditionnelle (format A5)\u00a0 et pour les colis. merci de faire attention \u00e0 votre boite email afin de choisir un point relais si votre commande l&rsquo;exige. N&rsquo;h\u00e9sitez pas \u00e0 me demander en cas de doute<\/strong><\/span><\/p>\n<p><span style=\"font-family: courier new, courier;\"><strong>\u00a0<\/strong>Des archives de zines et affiches s\u00e9rigraphi\u00e9es sont consultables sur place \u00e0 la <a href=\"http:\/\/www.fanzino.org\/\" target=\"_blank\" rel=\"noopener\">Fanzinoth\u00e8que<\/a> de Poitiers (au confort Moderne) et au <a href=\"https:\/\/www.fanzinarium.fr\/fanzinarium\/opac_css\/index.php?lvl=infopages&amp;pagesid=10\" target=\"_blank\" rel=\"noopener\">Fanzinarium<\/a> rue des Vignoles \u00e0 Paris 20\u00e8.<\/span><\/p>\n<p><strong><span style=\"font-family: courier new, courier;\">Je travaille encore sur commande. Si vous voulez utiliser un original que vous avez achet\u00e9 (ici ou ailleurs), ou si vous souhaitez acqu\u00e9rir l&rsquo;original avec une commande de dessin, si vous voulez utiliser des dessins, si vous voulez m&rsquo;en commander un, si vous voulez proposer une collab ou coop\u00e9ration,\u00a0 merci de me contacter \/ me le pr\u00e9ciser au maximum pour qu&rsquo;on se mette d&rsquo;accord\u00a0<\/span><\/strong><\/p>\n<p><span style=\"font-family: courier new, courier;\">Si vous avez une distro, une fanzino ou un truc de diffusion d&rsquo;auto\u00e9dition\/zine je propose des tarifs plus bas sur mes auto\u00e9ditions et on peut aussi voir pour une punk post. en revanche je ne fais plus de d\u00e9p\u00f4t.<\/span><\/p>\n<p><span style=\"font-family: courier new, courier;\"><strong>contact : <\/strong><strong>tanxxx(at)riseup(point)net<\/strong><\/span><\/p>\n<p><span style=\"font-family: courier new, courier;\">des auto\u00e9ditions et zines sont trouvables parfois dans quelques endroits\u00a0 :<\/span><\/p>\n<p><span style=\"font-family: courier new, courier;\">&#8211; \u00e0<strong><a href=\"https:\/\/laluttine.wordpress.com\/\" target=\"_blank\" rel=\"noopener\"> la Luttine<\/a>,<\/strong> rue Montesquieu \u00e0 Lyon dans le 7\u00e8me<\/span><br \/>\n<span style=\"font-family: courier new, courier;\">-\u00e0 <a href=\"https:\/\/www.facebook.com\/totalheaven\/\" target=\"_blank\" rel=\"noopener\"><strong>Total Heaven<\/strong><\/a>, rue de Candale \u00e0 Bordeaux<\/span><br \/>\n<span style=\"font-family: courier new, courier;\">-\u00e0<strong><a href=\"https:\/\/www.artsfactory.net\/\" target=\"_blank\" rel=\"noopener\"> Arts Factory\u00a0<\/a> <\/strong>rue de Charonne \u00e0 Paris dans le 11\u00e8me.<\/span><\/p>\n<p>&nbsp;<\/p>\n<p>&nbsp;<\/p>\n<p>&nbsp;<\/p>\n<p><span style=\"font-family: courier new, courier;\"><strong>\u00a0<\/strong><\/span><\/p>\n<p>&nbsp;<\/p>\n<p>&nbsp;<\/p>\n<p>&nbsp;<\/p>\n<p>&nbsp;<\/p>\n<p>&nbsp;<\/p>\n<p>&nbsp;<\/p>\n<p>&nbsp;<\/p>\n<p><span style=\"font-family: courier new, courier;\"><strong>\u00a0<\/strong><\/span><\/p>\n","protected":false},"excerpt":{"rendered":"<p>Ici je vends des fonds de stocks et ce qu&rsquo;il m&rsquo;arrive encore parfois de faire. Vous pouvez suivre\u00a0 mes \u00e9ventuelles actus (expos solo ou collective, rencontres, distros, d\u00e9mos de cuisson de frites au four, etc.) avec ma newsletter par ici. Merci de me contacter aussi si vous voulez une remise en main propre sur Paris [&hellip;]<\/p>\n","protected":false},"author":1,"featured_media":0,"parent":0,"menu_order":0,"comment_status":"closed","ping_status":"closed","template":"","meta":{"jetpack_post_was_ever_published":false,"footnotes":""},"class_list":["post-6682","page","type-page","status-publish","hentry"],"jetpack_sharing_enabled":true,"jetpack_shortlink":"https:\/\/wp.me\/PgwqQL-1JM","jetpack-related-posts":[{"id":576,"url":"https:\/\/www.tanx.fr\/shopping\/merci\/","url_meta":{"origin":6682,"position":0},"title":"Merci !","author":"TANX","date":"ao\u00fbt 23, 2018","format":false,"excerpt":"\u00a0 Votre commande a bien \u00e9t\u00e9 prise en compte. Elle sera prochainement exp\u00e9di\u00e9e, Je me rends en g\u00e9n\u00e9ral 1 ou 2 fois par semaine \u00e0 la poste selon le volume des envois. merci d'\u00eatre patientE ! \u00a0 \u00a0","rel":"","context":"Article similaire","block_context":{"text":"Article similaire","link":""},"img":{"alt_text":"","src":"https:\/\/i0.wp.com\/www.tanx.fr\/shopping\/wp-content\/uploads\/pageMerci-1.jpg?resize=350%2C200","width":350,"height":200},"classes":[]},{"id":1016,"url":"https:\/\/www.tanx.fr\/shopping\/commande\/confirmation-dachat\/","url_meta":{"origin":6682,"position":1},"title":"Confirmation d\u2019achat","author":"TANX","date":"mai 10, 2019","format":false,"excerpt":"Merci pour votre achat ! [edd_receipt]","rel":"","context":"Article similaire","block_context":{"text":"Article similaire","link":""},"img":{"alt_text":"","src":"","width":0,"height":0},"classes":[]},{"id":1017,"url":"https:\/\/www.tanx.fr\/shopping\/commande\/echec-de-la-transaction\/","url_meta":{"origin":6682,"position":2},"title":"\u00c9chec de la transaction","author":"TANX","date":"mai 10, 2019","format":false,"excerpt":"Votre transaction a \u00e9chou\u00e9, veuillez r\u00e9essayer ou contacter le support technique du site.","rel":"","context":"Article similaire","block_context":{"text":"Article similaire","link":""},"img":{"alt_text":"","src":"","width":0,"height":0},"classes":[]},{"id":612,"url":"https:\/\/www.tanx.fr\/shopping\/informations-paiement-et-frais-de-port\/","url_meta":{"origin":6682,"position":3},"title":"INFORMATIONS PAIEMENT ET FRAIS DE PORT","author":"TANX","date":"ao\u00fbt 24, 2018","format":false,"excerpt":"\u00a0 Les envois de grand format (qui n\u00e9cessitent un emballage plus grand) sont envoy\u00e9s par Mondial Relay pour la france (et l'europe quand c'est possible, selon les pays), vous recevrez un email une fois votre commande pass\u00e9e pour choisir votre point relais. Les gravures et zines sont envoy\u00e9s en tarif\u2026","rel":"","context":"Article similaire","block_context":{"text":"Article similaire","link":""},"img":{"alt_text":"","src":"","width":0,"height":0},"classes":[]},{"id":1014,"url":"https:\/\/www.tanx.fr\/shopping\/commande\/","url_meta":{"origin":6682,"position":4},"title":"Commande","author":"TANX","date":"mai 10, 2019","format":false,"excerpt":"[download_checkout]","rel":"","context":"Article similaire","block_context":{"text":"Article similaire","link":""},"img":{"alt_text":"","src":"","width":0,"height":0},"classes":[]},{"id":1114,"url":"https:\/\/www.tanx.fr\/shopping\/commande-2\/","url_meta":{"origin":6682,"position":5},"title":"Validation de la commande","author":"TANX","date":"octobre 29, 2019","format":false,"excerpt":"","rel":"","context":"Article similaire","block_context":{"text":"Article similaire","link":""},"img":{"alt_text":"","src":"","width":0,"height":0},"classes":[]}],"_links":{"self":[{"href":"https:\/\/www.tanx.fr\/shopping\/wp-json\/wp\/v2\/pages\/6682","targetHints":{"allow":["GET"]}}],"collection":[{"href":"https:\/\/www.tanx.fr\/shopping\/wp-json\/wp\/v2\/pages"}],"about":[{"href":"https:\/\/www.tanx.fr\/shopping\/wp-json\/wp\/v2\/types\/page"}],"author":[{"embeddable":true,"href":"https:\/\/www.tanx.fr\/shopping\/wp-json\/wp\/v2\/users\/1"}],"replies":[{"embeddable":true,"href":"https:\/\/www.tanx.fr\/shopping\/wp-json\/wp\/v2\/comments?post=6682"}],"version-history":[{"count":290,"href":"https:\/\/www.tanx.fr\/shopping\/wp-json\/wp\/v2\/pages\/6682\/revisions"}],"predecessor-version":[{"id":7193,"href":"https:\/\/www.tanx.fr\/shopping\/wp-json\/wp\/v2\/pages\/6682\/revisions\/7193"}],"wp:attachment":[{"href":"https:\/\/www.tanx.fr\/shopping\/wp-json\/wp\/v2\/media?parent=6682"}],"curies":[{"name":"wp","href":"https:\/\/api.w.org\/{rel}","templated":true}]}}