{"id":1128,"date":"2019-10-29T11:43:35","date_gmt":"2019-10-29T11:43:35","guid":{"rendered":"http:\/\/www.tanx.fr\/shopping\/?post_type=product&#038;p=1128"},"modified":"2026-04-05T04:42:58","modified_gmt":"2026-04-05T04:42:58","slug":"la-derniere-tournee","status":"publish","type":"product","link":"https:\/\/www.tanx.fr\/shopping\/produit\/la-derniere-tournee\/","title":{"rendered":"La derni\u00e8re tourn\u00e9e"},"content":{"rendered":"","protected":false},"excerpt":{"rendered":"<p>Linogravure 4 couleurs<br \/>\nEncres typographiques sur papier Dor\u00e9e 180gr<br \/>\n11,5x15cm (papier)<br \/>\n19 ex num\u00e9rot\u00e9s et sign\u00e9s<\/p>\n","protected":false},"featured_media":831,"template":"","meta":{"jetpack_post_was_ever_published":false},"product_brand":[],"product_cat":[130,129],"product_tag":[144,143],"class_list":{"0":"post-1128","1":"product","2":"type-product","3":"status-publish","4":"has-post-thumbnail","6":"product_cat-gravure","7":"product_cat-taille-depargne","8":"product_tag-couleur","9":"product_tag-gravure","10":"product_shipping_class-100gr","12":"first","13":"outofstock","14":"shipping-taxable","15":"purchasable","16":"product-type-simple"},"jetpack_sharing_enabled":true,"jetpack-related-posts":[{"id":6192,"url":"https:\/\/www.tanx.fr\/shopping\/produit\/tango-macabre\/","url_meta":{"origin":1128,"position":0},"title":"Tango Macabre","author":"TANX","date":"mars 21, 2023","format":false,"excerpt":"Linogravure encre typographique sur papier fait main \u00e0 bords frang\u00e9s. gravure 14,8x21cm papier environ A4 23 ex num\u00e9rot\u00e9s sign\u00e9s","rel":"","context":"Article similaire","block_context":{"text":"Article similaire","link":""},"img":{"alt_text":"","src":"https:\/\/i0.wp.com\/www.tanx.fr\/shopping\/wp-content\/uploads\/20230320_tangomacabre1.jpg?resize=350%2C200&ssl=1","width":350,"height":200,"srcset":"https:\/\/i0.wp.com\/www.tanx.fr\/shopping\/wp-content\/uploads\/20230320_tangomacabre1.jpg?resize=350%2C200&ssl=1 1x, https:\/\/i0.wp.com\/www.tanx.fr\/shopping\/wp-content\/uploads\/20230320_tangomacabre1.jpg?resize=525%2C300&ssl=1 1.5x, https:\/\/i0.wp.com\/www.tanx.fr\/shopping\/wp-content\/uploads\/20230320_tangomacabre1.jpg?resize=700%2C400&ssl=1 2x"},"classes":[]},{"id":1152,"url":"https:\/\/www.tanx.fr\/shopping\/produit\/circuler\/","url_meta":{"origin":1128,"position":1},"title":"Circuler","author":"TANX","date":"octobre 29, 2019","format":false,"excerpt":"Linogravure 4 couleurs en r\u00e9duction, encres offset sur papier Laurier 180gr 44 exemplaires num\u00e9rot\u00e9s et sign\u00e9s.","rel":"","context":"Article similaire","block_context":{"text":"Article similaire","link":""},"img":{"alt_text":"","src":"https:\/\/i0.wp.com\/www.tanx.fr\/shopping\/wp-content\/uploads\/circuler_lino.jpg?resize=350%2C200&ssl=1","width":350,"height":200,"srcset":"https:\/\/i0.wp.com\/www.tanx.fr\/shopping\/wp-content\/uploads\/circuler_lino.jpg?resize=350%2C200&ssl=1 1x, https:\/\/i0.wp.com\/www.tanx.fr\/shopping\/wp-content\/uploads\/circuler_lino.jpg?resize=525%2C300&ssl=1 1.5x, https:\/\/i0.wp.com\/www.tanx.fr\/shopping\/wp-content\/uploads\/circuler_lino.jpg?resize=700%2C400&ssl=1 2x"},"classes":[]},{"id":5318,"url":"https:\/\/www.tanx.fr\/shopping\/produit\/carnivore\/","url_meta":{"origin":1128,"position":2},"title":"Carnivore","author":"TANX","date":"juin 3, 2021","format":false,"excerpt":"Linogravure 6 passages dont 2 en r\u00e9duction, encres typographiques. 10,5x15cm (lino) sur papier Hahnem\u00fclhe 14,85,21cm 24 ex num\u00e9rot\u00e9s et sign\u00e9s \u00a0 \u00a0","rel":"","context":"Article similaire","block_context":{"text":"Article similaire","link":""},"img":{"alt_text":"","src":"https:\/\/i0.wp.com\/www.tanx.fr\/shopping\/wp-content\/uploads\/20210603_carnivore1.jpg?resize=350%2C200&ssl=1","width":350,"height":200,"srcset":"https:\/\/i0.wp.com\/www.tanx.fr\/shopping\/wp-content\/uploads\/20210603_carnivore1.jpg?resize=350%2C200&ssl=1 1x, https:\/\/i0.wp.com\/www.tanx.fr\/shopping\/wp-content\/uploads\/20210603_carnivore1.jpg?resize=525%2C300&ssl=1 1.5x"},"classes":[]},{"id":5722,"url":"https:\/\/www.tanx.fr\/shopping\/produit\/seul-vrai-truc\/","url_meta":{"origin":1128,"position":3},"title":"Seul vrai truc (bichro)","author":"TANX","date":"mars 31, 2022","format":false,"excerpt":"Linogravure 2 couleurs. Encre typographique sur\u00a0 papier bambou la lino fait 15x20cm 13 ex num\u00e9rot\u00e9s et sign\u00e9s","rel":"","context":"Article similaire","block_context":{"text":"Article similaire","link":""},"img":{"alt_text":"","src":"https:\/\/i0.wp.com\/www.tanx.fr\/shopping\/wp-content\/uploads\/20220331_cu1.jpg?resize=350%2C200&ssl=1","width":350,"height":200,"srcset":"https:\/\/i0.wp.com\/www.tanx.fr\/shopping\/wp-content\/uploads\/20220331_cu1.jpg?resize=350%2C200&ssl=1 1x, https:\/\/i0.wp.com\/www.tanx.fr\/shopping\/wp-content\/uploads\/20220331_cu1.jpg?resize=525%2C300&ssl=1 1.5x, https:\/\/i0.wp.com\/www.tanx.fr\/shopping\/wp-content\/uploads\/20220331_cu1.jpg?resize=700%2C400&ssl=1 2x"},"classes":[]},{"id":4888,"url":"https:\/\/www.tanx.fr\/shopping\/produit\/zombie\/","url_meta":{"origin":1128,"position":4},"title":"Zombie","author":"TANX","date":"septembre 28, 2020","format":false,"excerpt":"Linogravure en r\u00e9duction 4 couleurs, encre \u00e0 l'eau (couleur) et offset (noir) sur papier Dor\u00e9e 170gr 15x21cm tirage de 52 exemplaires num\u00e9rot\u00e9s et sign\u00e9s","rel":"","context":"Article similaire","block_context":{"text":"Article similaire","link":""},"img":{"alt_text":"Zombie linogravure","src":"https:\/\/i0.wp.com\/www.tanx.fr\/shopping\/wp-content\/uploads\/2018\/08\/GRAVURES\/TAILLE%20EPARGNE\/zombie3_1434892800.jpg?resize=350%2C200&ssl=1","width":350,"height":200,"srcset":"https:\/\/i0.wp.com\/www.tanx.fr\/shopping\/wp-content\/uploads\/2018\/08\/GRAVURES\/TAILLE%20EPARGNE\/zombie3_1434892800.jpg?resize=350%2C200&ssl=1 1x, https:\/\/i0.wp.com\/www.tanx.fr\/shopping\/wp-content\/uploads\/2018\/08\/GRAVURES\/TAILLE%20EPARGNE\/zombie3_1434892800.jpg?resize=525%2C300&ssl=1 1.5x, https:\/\/i0.wp.com\/www.tanx.fr\/shopping\/wp-content\/uploads\/2018\/08\/GRAVURES\/TAILLE%20EPARGNE\/zombie3_1434892800.jpg?resize=700%2C400&ssl=1 2x"},"classes":[]},{"id":6146,"url":"https:\/\/www.tanx.fr\/shopping\/produit\/bombe\/","url_meta":{"origin":1128,"position":5},"title":"bombe","author":"TANX","date":"f\u00e9vrier 16, 2023","format":false,"excerpt":"linogravure 4 couleurs encres typos sur fabriano cr\u00e8me, papier 12,5x17,5cm 24 ex num\u00e9rot\u00e9s sign\u00e9s","rel":"","context":"Article similaire","block_context":{"text":"Article similaire","link":""},"img":{"alt_text":"","src":"https:\/\/i0.wp.com\/www.tanx.fr\/shopping\/wp-content\/uploads\/20230216_bombe.jpg?resize=350%2C200&ssl=1","width":350,"height":200,"srcset":"https:\/\/i0.wp.com\/www.tanx.fr\/shopping\/wp-content\/uploads\/20230216_bombe.jpg?resize=350%2C200&ssl=1 1x, https:\/\/i0.wp.com\/www.tanx.fr\/shopping\/wp-content\/uploads\/20230216_bombe.jpg?resize=525%2C300&ssl=1 1.5x, https:\/\/i0.wp.com\/www.tanx.fr\/shopping\/wp-content\/uploads\/20230216_bombe.jpg?resize=700%2C400&ssl=1 2x"},"classes":[]}],"_links":{"self":[{"href":"https:\/\/www.tanx.fr\/shopping\/wp-json\/wp\/v2\/product\/1128","targetHints":{"allow":["GET"]}}],"collection":[{"href":"https:\/\/www.tanx.fr\/shopping\/wp-json\/wp\/v2\/product"}],"about":[{"href":"https:\/\/www.tanx.fr\/shopping\/wp-json\/wp\/v2\/types\/product"}],"wp:featuredmedia":[{"embeddable":true,"href":"https:\/\/www.tanx.fr\/shopping\/wp-json\/wp\/v2\/media\/831"}],"wp:attachment":[{"href":"https:\/\/www.tanx.fr\/shopping\/wp-json\/wp\/v2\/media?parent=1128"}],"wp:term":[{"taxonomy":"product_brand","embeddable":true,"href":"https:\/\/www.tanx.fr\/shopping\/wp-json\/wp\/v2\/product_brand?post=1128"},{"taxonomy":"product_cat","embeddable":true,"href":"https:\/\/www.tanx.fr\/shopping\/wp-json\/wp\/v2\/product_cat?post=1128"},{"taxonomy":"product_tag","embeddable":true,"href":"https:\/\/www.tanx.fr\/shopping\/wp-json\/wp\/v2\/product_tag?post=1128"}],"curies":[{"name":"wp","href":"https:\/\/api.w.org\/{rel}","templated":true}]}}