{"id":1149,"date":"2019-10-29T12:06:25","date_gmt":"2019-10-29T12:06:25","guid":{"rendered":"http:\/\/www.tanx.fr\/shopping\/?post_type=product&#038;p=1149"},"modified":"2026-04-09T18:01:38","modified_gmt":"2026-04-09T18:01:38","slug":"vanite","status":"publish","type":"product","link":"https:\/\/www.tanx.fr\/shopping\/produit\/vanite\/","title":{"rendered":"Vanit\u00e9"},"content":{"rendered":"","protected":false},"excerpt":{"rendered":"<p>linogravure environ 10,5x16cm sur papier 16,7\u00d721,7cm<br \/>\nPapier Arches 170gr, encre noir Vignette<br \/>\n45 exemplaires num\u00e9rot\u00e9s et sign\u00e9s<\/p>\n","protected":false},"featured_media":216,"template":"","meta":{"jetpack_post_was_ever_published":false},"product_brand":[],"product_cat":[130,129],"product_tag":[143,142],"class_list":{"0":"post-1149","1":"product","2":"type-product","3":"status-publish","4":"has-post-thumbnail","6":"product_cat-gravure","7":"product_cat-taille-depargne","8":"product_tag-gravure","9":"product_tag-noir-et-blanc","10":"product_shipping_class-100gr","12":"first","13":"instock","14":"shipping-taxable","15":"purchasable","16":"product-type-simple"},"jetpack_sharing_enabled":true,"jetpack-related-posts":[{"id":4888,"url":"https:\/\/www.tanx.fr\/shopping\/produit\/zombie\/","url_meta":{"origin":1149,"position":0},"title":"Zombie","author":"TANX","date":"septembre 28, 2020","format":false,"excerpt":"Linogravure en r\u00e9duction 4 couleurs, encre \u00e0 l'eau (couleur) et offset (noir) sur papier Dor\u00e9e 170gr 15x21cm tirage de 52 exemplaires num\u00e9rot\u00e9s et sign\u00e9s","rel":"","context":"Article similaire","block_context":{"text":"Article similaire","link":""},"img":{"alt_text":"Zombie linogravure","src":"https:\/\/i0.wp.com\/www.tanx.fr\/shopping\/wp-content\/uploads\/2018\/08\/GRAVURES\/TAILLE%20EPARGNE\/zombie3_1434892800.jpg?resize=350%2C200&ssl=1","width":350,"height":200,"srcset":"https:\/\/i0.wp.com\/www.tanx.fr\/shopping\/wp-content\/uploads\/2018\/08\/GRAVURES\/TAILLE%20EPARGNE\/zombie3_1434892800.jpg?resize=350%2C200&ssl=1 1x, https:\/\/i0.wp.com\/www.tanx.fr\/shopping\/wp-content\/uploads\/2018\/08\/GRAVURES\/TAILLE%20EPARGNE\/zombie3_1434892800.jpg?resize=525%2C300&ssl=1 1.5x, https:\/\/i0.wp.com\/www.tanx.fr\/shopping\/wp-content\/uploads\/2018\/08\/GRAVURES\/TAILLE%20EPARGNE\/zombie3_1434892800.jpg?resize=700%2C400&ssl=1 2x"},"classes":[]},{"id":1243,"url":"https:\/\/www.tanx.fr\/shopping\/produit\/punk-feuillu\/","url_meta":{"origin":1149,"position":1},"title":"Punk feuillu","author":"TANX","date":"octobre 30, 2019","format":false,"excerpt":"linogravure encre noir vignette sur papier Dor\u00e9e 170gr 15x21cm (papier) sign\u00e9","rel":"","context":"Article similaire","block_context":{"text":"Article similaire","link":""},"img":{"alt_text":"","src":"https:\/\/i0.wp.com\/www.tanx.fr\/shopping\/wp-content\/uploads\/punkfeuillu.jpg?resize=350%2C200&ssl=1","width":350,"height":200,"srcset":"https:\/\/i0.wp.com\/www.tanx.fr\/shopping\/wp-content\/uploads\/punkfeuillu.jpg?resize=350%2C200&ssl=1 1x, https:\/\/i0.wp.com\/www.tanx.fr\/shopping\/wp-content\/uploads\/punkfeuillu.jpg?resize=525%2C300&ssl=1 1.5x"},"classes":[]},{"id":1152,"url":"https:\/\/www.tanx.fr\/shopping\/produit\/circuler\/","url_meta":{"origin":1149,"position":2},"title":"Circuler","author":"TANX","date":"octobre 29, 2019","format":false,"excerpt":"Linogravure 4 couleurs en r\u00e9duction, encres offset sur papier Laurier 180gr 44 exemplaires num\u00e9rot\u00e9s et sign\u00e9s.","rel":"","context":"Article similaire","block_context":{"text":"Article similaire","link":""},"img":{"alt_text":"","src":"https:\/\/i0.wp.com\/www.tanx.fr\/shopping\/wp-content\/uploads\/circuler_lino.jpg?resize=350%2C200&ssl=1","width":350,"height":200,"srcset":"https:\/\/i0.wp.com\/www.tanx.fr\/shopping\/wp-content\/uploads\/circuler_lino.jpg?resize=350%2C200&ssl=1 1x, https:\/\/i0.wp.com\/www.tanx.fr\/shopping\/wp-content\/uploads\/circuler_lino.jpg?resize=525%2C300&ssl=1 1.5x, https:\/\/i0.wp.com\/www.tanx.fr\/shopping\/wp-content\/uploads\/circuler_lino.jpg?resize=700%2C400&ssl=1 2x"},"classes":[]},{"id":1134,"url":"https:\/\/www.tanx.fr\/shopping\/produit\/la-lutte\/","url_meta":{"origin":1149,"position":3},"title":"la Lutte","author":"TANX","date":"octobre 29, 2019","format":false,"excerpt":"Remise en main propre (merci de m\u2019\u00e9crire avant de passer la commande) ou envoi par mondial relay. Dans le cas de l\u2019envoi, merci de r\u00e9pondre \u00e0 l\u2019email envoy\u00e9 apr\u00e8s commande pour choisi un point relai de r\u00e9ception. linogravure encre offset sur papier Fabriano Rosaspina 220gr blanc. 35x50cm (papier) tirage de\u2026","rel":"","context":"Article similaire","block_context":{"text":"Article similaire","link":""},"img":{"alt_text":"","src":"https:\/\/i0.wp.com\/www.tanx.fr\/shopping\/wp-content\/uploads\/2018\/08\/GRAVURES\/TAILLE%20EPARGNE\/20180621-lutte.jpg?resize=350%2C200&ssl=1","width":350,"height":200,"srcset":"https:\/\/i0.wp.com\/www.tanx.fr\/shopping\/wp-content\/uploads\/2018\/08\/GRAVURES\/TAILLE%20EPARGNE\/20180621-lutte.jpg?resize=350%2C200&ssl=1 1x, https:\/\/i0.wp.com\/www.tanx.fr\/shopping\/wp-content\/uploads\/2018\/08\/GRAVURES\/TAILLE%20EPARGNE\/20180621-lutte.jpg?resize=525%2C300&ssl=1 1.5x, https:\/\/i0.wp.com\/www.tanx.fr\/shopping\/wp-content\/uploads\/2018\/08\/GRAVURES\/TAILLE%20EPARGNE\/20180621-lutte.jpg?resize=700%2C400&ssl=1 2x"},"classes":[]},{"id":6192,"url":"https:\/\/www.tanx.fr\/shopping\/produit\/tango-macabre\/","url_meta":{"origin":1149,"position":4},"title":"Tango Macabre","author":"TANX","date":"mars 21, 2023","format":false,"excerpt":"Linogravure encre typographique sur papier fait main \u00e0 bords frang\u00e9s. gravure 14,8x21cm papier environ A4 23 ex num\u00e9rot\u00e9s sign\u00e9s","rel":"","context":"Article similaire","block_context":{"text":"Article similaire","link":""},"img":{"alt_text":"","src":"https:\/\/i0.wp.com\/www.tanx.fr\/shopping\/wp-content\/uploads\/20230320_tangomacabre1.jpg?resize=350%2C200&ssl=1","width":350,"height":200,"srcset":"https:\/\/i0.wp.com\/www.tanx.fr\/shopping\/wp-content\/uploads\/20230320_tangomacabre1.jpg?resize=350%2C200&ssl=1 1x, https:\/\/i0.wp.com\/www.tanx.fr\/shopping\/wp-content\/uploads\/20230320_tangomacabre1.jpg?resize=525%2C300&ssl=1 1.5x, https:\/\/i0.wp.com\/www.tanx.fr\/shopping\/wp-content\/uploads\/20230320_tangomacabre1.jpg?resize=700%2C400&ssl=1 2x"},"classes":[]},{"id":1151,"url":"https:\/\/www.tanx.fr\/shopping\/produit\/la-saison-des-asperges\/","url_meta":{"origin":1149,"position":5},"title":"la saison des asperges","author":"TANX","date":"octobre 29, 2019","format":false,"excerpt":"Linogravure 2 couleurs en r\u00e9duction, encre offset sur papier Fabriano Rosaspina 16,6x 17,5cm 48 exemplaires num\u00e9rot\u00e9s et sign\u00e9s","rel":"","context":"Article similaire","block_context":{"text":"Article similaire","link":""},"img":{"alt_text":"","src":"https:\/\/i0.wp.com\/www.tanx.fr\/shopping\/wp-content\/uploads\/2018\/08\/GRAVURES\/TAILLE%20EPARGNE\/20170313-asperges1.jpg?resize=350%2C200&ssl=1","width":350,"height":200,"srcset":"https:\/\/i0.wp.com\/www.tanx.fr\/shopping\/wp-content\/uploads\/2018\/08\/GRAVURES\/TAILLE%20EPARGNE\/20170313-asperges1.jpg?resize=350%2C200&ssl=1 1x, https:\/\/i0.wp.com\/www.tanx.fr\/shopping\/wp-content\/uploads\/2018\/08\/GRAVURES\/TAILLE%20EPARGNE\/20170313-asperges1.jpg?resize=525%2C300&ssl=1 1.5x, https:\/\/i0.wp.com\/www.tanx.fr\/shopping\/wp-content\/uploads\/2018\/08\/GRAVURES\/TAILLE%20EPARGNE\/20170313-asperges1.jpg?resize=700%2C400&ssl=1 2x"},"classes":[]}],"_links":{"self":[{"href":"https:\/\/www.tanx.fr\/shopping\/wp-json\/wp\/v2\/product\/1149","targetHints":{"allow":["GET"]}}],"collection":[{"href":"https:\/\/www.tanx.fr\/shopping\/wp-json\/wp\/v2\/product"}],"about":[{"href":"https:\/\/www.tanx.fr\/shopping\/wp-json\/wp\/v2\/types\/product"}],"wp:featuredmedia":[{"embeddable":true,"href":"https:\/\/www.tanx.fr\/shopping\/wp-json\/wp\/v2\/media\/216"}],"wp:attachment":[{"href":"https:\/\/www.tanx.fr\/shopping\/wp-json\/wp\/v2\/media?parent=1149"}],"wp:term":[{"taxonomy":"product_brand","embeddable":true,"href":"https:\/\/www.tanx.fr\/shopping\/wp-json\/wp\/v2\/product_brand?post=1149"},{"taxonomy":"product_cat","embeddable":true,"href":"https:\/\/www.tanx.fr\/shopping\/wp-json\/wp\/v2\/product_cat?post=1149"},{"taxonomy":"product_tag","embeddable":true,"href":"https:\/\/www.tanx.fr\/shopping\/wp-json\/wp\/v2\/product_tag?post=1149"}],"curies":[{"name":"wp","href":"https:\/\/api.w.org\/{rel}","templated":true}]}}