{"id":1151,"date":"2019-10-29T12:10:31","date_gmt":"2019-10-29T12:10:31","guid":{"rendered":"http:\/\/www.tanx.fr\/shopping\/?post_type=product&#038;p=1151"},"modified":"2025-11-22T06:07:40","modified_gmt":"2025-11-22T06:07:40","slug":"la-saison-des-asperges","status":"publish","type":"product","link":"https:\/\/www.tanx.fr\/shopping\/produit\/la-saison-des-asperges\/","title":{"rendered":"la saison des asperges"},"content":{"rendered":"","protected":false},"excerpt":{"rendered":"<p>Linogravure 2 couleurs en r\u00e9duction, encre offset sur papier Fabriano Rosaspina 16,6x 17,5cm<br \/>\n48 exemplaires num\u00e9rot\u00e9s et sign\u00e9s<\/p>\n","protected":false},"featured_media":223,"template":"","meta":{"jetpack_post_was_ever_published":false},"product_brand":[],"product_cat":[130,129],"product_tag":[144],"class_list":{"0":"post-1151","1":"product","2":"type-product","3":"status-publish","4":"has-post-thumbnail","6":"product_cat-gravure","7":"product_cat-taille-depargne","8":"product_tag-couleur","9":"product_shipping_class-100gr","11":"first","12":"instock","13":"shipping-taxable","14":"purchasable","15":"product-type-simple"},"jetpack_sharing_enabled":true,"jetpack-related-posts":[],"_links":{"self":[{"href":"https:\/\/www.tanx.fr\/shopping\/wp-json\/wp\/v2\/product\/1151","targetHints":{"allow":["GET"]}}],"collection":[{"href":"https:\/\/www.tanx.fr\/shopping\/wp-json\/wp\/v2\/product"}],"about":[{"href":"https:\/\/www.tanx.fr\/shopping\/wp-json\/wp\/v2\/types\/product"}],"wp:featuredmedia":[{"embeddable":true,"href":"https:\/\/www.tanx.fr\/shopping\/wp-json\/wp\/v2\/media\/223"}],"wp:attachment":[{"href":"https:\/\/www.tanx.fr\/shopping\/wp-json\/wp\/v2\/media?parent=1151"}],"wp:term":[{"taxonomy":"product_brand","embeddable":true,"href":"https:\/\/www.tanx.fr\/shopping\/wp-json\/wp\/v2\/product_brand?post=1151"},{"taxonomy":"product_cat","embeddable":true,"href":"https:\/\/www.tanx.fr\/shopping\/wp-json\/wp\/v2\/product_cat?post=1151"},{"taxonomy":"product_tag","embeddable":true,"href":"https:\/\/www.tanx.fr\/shopping\/wp-json\/wp\/v2\/product_tag?post=1151"}],"curies":[{"name":"wp","href":"https:\/\/api.w.org\/{rel}","templated":true}]}}