{"id":1152,"date":"2019-10-29T12:12:36","date_gmt":"2019-10-29T12:12:36","guid":{"rendered":"http:\/\/www.tanx.fr\/shopping\/?post_type=product&#038;p=1152"},"modified":"2025-08-19T05:40:19","modified_gmt":"2025-08-19T05:40:19","slug":"circuler","status":"publish","type":"product","link":"https:\/\/www.tanx.fr\/shopping\/produit\/circuler\/","title":{"rendered":"Circuler"},"content":{"rendered":"","protected":false},"excerpt":{"rendered":"<p>Linogravure 4 couleurs en r\u00e9duction, encres offset sur papier Laurier 180gr<br \/>\n44 exemplaires num\u00e9rot\u00e9s et sign\u00e9s.<br \/>\n<strong><br \/>\n<\/strong><\/p>\n","protected":false},"featured_media":5014,"template":"","meta":{"jetpack_post_was_ever_published":false},"product_brand":[],"product_cat":[130,129],"product_tag":[144],"class_list":{"0":"post-1152","1":"product","2":"type-product","3":"status-publish","4":"has-post-thumbnail","6":"product_cat-gravure","7":"product_cat-taille-depargne","8":"product_tag-couleur","9":"product_shipping_class-100gr","11":"first","12":"instock","13":"shipping-taxable","14":"purchasable","15":"product-type-simple"},"jetpack_sharing_enabled":true,"jetpack-related-posts":[{"id":4888,"url":"https:\/\/www.tanx.fr\/shopping\/produit\/zombie\/","url_meta":{"origin":1152,"position":0},"title":"Zombie","author":"TANX","date":"septembre 28, 2020","format":false,"excerpt":"Linogravure en r\u00e9duction 4 couleurs, encre \u00e0 l'eau (couleur) et offset (noir) sur papier Dor\u00e9e 170gr 15x21cm tirage de 52 exemplaires num\u00e9rot\u00e9s et sign\u00e9s","rel":"","context":"Article similaire","block_context":{"text":"Article similaire","link":""},"img":{"alt_text":"Zombie linogravure","src":"https:\/\/i0.wp.com\/www.tanx.fr\/shopping\/wp-content\/uploads\/2018\/08\/GRAVURES\/TAILLE%20EPARGNE\/zombie3_1434892800.jpg?resize=350%2C200&ssl=1","width":350,"height":200,"srcset":"https:\/\/i0.wp.com\/www.tanx.fr\/shopping\/wp-content\/uploads\/2018\/08\/GRAVURES\/TAILLE%20EPARGNE\/zombie3_1434892800.jpg?resize=350%2C200&ssl=1 1x, https:\/\/i0.wp.com\/www.tanx.fr\/shopping\/wp-content\/uploads\/2018\/08\/GRAVURES\/TAILLE%20EPARGNE\/zombie3_1434892800.jpg?resize=525%2C300&ssl=1 1.5x, https:\/\/i0.wp.com\/www.tanx.fr\/shopping\/wp-content\/uploads\/2018\/08\/GRAVURES\/TAILLE%20EPARGNE\/zombie3_1434892800.jpg?resize=700%2C400&ssl=1 2x"},"classes":[]},{"id":1153,"url":"https:\/\/www.tanx.fr\/shopping\/produit\/circuler-noir-et-blanc\/","url_meta":{"origin":1152,"position":1},"title":"Circuler \/ noir et blanc","author":"TANX","date":"octobre 29, 2019","format":false,"excerpt":"version monochrome de la gravure en r\u00e9duction Circuler Papier Laurier 180gr 9 exemplaires num\u00e9rot\u00e9s et sign\u00e9s","rel":"","context":"Article similaire","block_context":{"text":"Article similaire","link":""},"img":{"alt_text":"","src":"https:\/\/i0.wp.com\/www.tanx.fr\/shopping\/wp-content\/uploads\/circulerNB_lino.jpg?resize=350%2C200&ssl=1","width":350,"height":200,"srcset":"https:\/\/i0.wp.com\/www.tanx.fr\/shopping\/wp-content\/uploads\/circulerNB_lino.jpg?resize=350%2C200&ssl=1 1x, https:\/\/i0.wp.com\/www.tanx.fr\/shopping\/wp-content\/uploads\/circulerNB_lino.jpg?resize=525%2C300&ssl=1 1.5x, https:\/\/i0.wp.com\/www.tanx.fr\/shopping\/wp-content\/uploads\/circulerNB_lino.jpg?resize=700%2C400&ssl=1 2x"},"classes":[]},{"id":1151,"url":"https:\/\/www.tanx.fr\/shopping\/produit\/la-saison-des-asperges\/","url_meta":{"origin":1152,"position":2},"title":"la saison des asperges","author":"TANX","date":"octobre 29, 2019","format":false,"excerpt":"Linogravure 2 couleurs en r\u00e9duction, encre offset sur papier Fabriano Rosaspina 16,6x 17,5cm 48 exemplaires num\u00e9rot\u00e9s et sign\u00e9s","rel":"","context":"Article similaire","block_context":{"text":"Article similaire","link":""},"img":{"alt_text":"","src":"https:\/\/i0.wp.com\/www.tanx.fr\/shopping\/wp-content\/uploads\/2018\/08\/GRAVURES\/TAILLE%20EPARGNE\/20170313-asperges1.jpg?resize=350%2C200&ssl=1","width":350,"height":200,"srcset":"https:\/\/i0.wp.com\/www.tanx.fr\/shopping\/wp-content\/uploads\/2018\/08\/GRAVURES\/TAILLE%20EPARGNE\/20170313-asperges1.jpg?resize=350%2C200&ssl=1 1x, https:\/\/i0.wp.com\/www.tanx.fr\/shopping\/wp-content\/uploads\/2018\/08\/GRAVURES\/TAILLE%20EPARGNE\/20170313-asperges1.jpg?resize=525%2C300&ssl=1 1.5x, https:\/\/i0.wp.com\/www.tanx.fr\/shopping\/wp-content\/uploads\/2018\/08\/GRAVURES\/TAILLE%20EPARGNE\/20170313-asperges1.jpg?resize=700%2C400&ssl=1 2x"},"classes":[]},{"id":1128,"url":"https:\/\/www.tanx.fr\/shopping\/produit\/la-derniere-tournee\/","url_meta":{"origin":1152,"position":3},"title":"La derni\u00e8re tourn\u00e9e","author":"TANX","date":"octobre 29, 2019","format":false,"excerpt":"Linogravure 4 couleurs Encres typographiques sur papier Dor\u00e9e 180gr 11,5x15cm (papier) 19 ex num\u00e9rot\u00e9s et sign\u00e9s","rel":"","context":"Article similaire","block_context":{"text":"Article similaire","link":""},"img":{"alt_text":"","src":"https:\/\/i0.wp.com\/www.tanx.fr\/shopping\/wp-content\/uploads\/20190119-tournee.jpg?resize=350%2C200&ssl=1","width":350,"height":200,"srcset":"https:\/\/i0.wp.com\/www.tanx.fr\/shopping\/wp-content\/uploads\/20190119-tournee.jpg?resize=350%2C200&ssl=1 1x, https:\/\/i0.wp.com\/www.tanx.fr\/shopping\/wp-content\/uploads\/20190119-tournee.jpg?resize=525%2C300&ssl=1 1.5x"},"classes":[]},{"id":1134,"url":"https:\/\/www.tanx.fr\/shopping\/produit\/la-lutte\/","url_meta":{"origin":1152,"position":4},"title":"la Lutte","author":"TANX","date":"octobre 29, 2019","format":false,"excerpt":"Remise en main propre (merci de m\u2019\u00e9crire avant de passer la commande) ou envoi par mondial relay. Dans le cas de l\u2019envoi, merci de r\u00e9pondre \u00e0 l\u2019email envoy\u00e9 apr\u00e8s commande pour choisi un point relai de r\u00e9ception. linogravure encre offset sur papier Fabriano Rosaspina 220gr blanc. 35x50cm (papier) tirage de\u2026","rel":"","context":"Article similaire","block_context":{"text":"Article similaire","link":""},"img":{"alt_text":"","src":"https:\/\/i0.wp.com\/www.tanx.fr\/shopping\/wp-content\/uploads\/2018\/08\/GRAVURES\/TAILLE%20EPARGNE\/20180621-lutte.jpg?resize=350%2C200&ssl=1","width":350,"height":200,"srcset":"https:\/\/i0.wp.com\/www.tanx.fr\/shopping\/wp-content\/uploads\/2018\/08\/GRAVURES\/TAILLE%20EPARGNE\/20180621-lutte.jpg?resize=350%2C200&ssl=1 1x, https:\/\/i0.wp.com\/www.tanx.fr\/shopping\/wp-content\/uploads\/2018\/08\/GRAVURES\/TAILLE%20EPARGNE\/20180621-lutte.jpg?resize=525%2C300&ssl=1 1.5x, https:\/\/i0.wp.com\/www.tanx.fr\/shopping\/wp-content\/uploads\/2018\/08\/GRAVURES\/TAILLE%20EPARGNE\/20180621-lutte.jpg?resize=700%2C400&ssl=1 2x"},"classes":[]},{"id":1149,"url":"https:\/\/www.tanx.fr\/shopping\/produit\/vanite\/","url_meta":{"origin":1152,"position":5},"title":"Vanit\u00e9","author":"TANX","date":"octobre 29, 2019","format":false,"excerpt":"linogravure environ 10,5x16cm sur papier 16,7\u00d721,7cm Papier Arches 170gr, encre noir Vignette 45 exemplaires num\u00e9rot\u00e9s et sign\u00e9s","rel":"","context":"Article similaire","block_context":{"text":"Article similaire","link":""},"img":{"alt_text":"","src":"https:\/\/i0.wp.com\/www.tanx.fr\/shopping\/wp-content\/uploads\/2018\/08\/GRAVURES\/TAILLE%20EPARGNE\/20160822-1.jpg?resize=350%2C200&ssl=1","width":350,"height":200,"srcset":"https:\/\/i0.wp.com\/www.tanx.fr\/shopping\/wp-content\/uploads\/2018\/08\/GRAVURES\/TAILLE%20EPARGNE\/20160822-1.jpg?resize=350%2C200&ssl=1 1x, https:\/\/i0.wp.com\/www.tanx.fr\/shopping\/wp-content\/uploads\/2018\/08\/GRAVURES\/TAILLE%20EPARGNE\/20160822-1.jpg?resize=525%2C300&ssl=1 1.5x, https:\/\/i0.wp.com\/www.tanx.fr\/shopping\/wp-content\/uploads\/2018\/08\/GRAVURES\/TAILLE%20EPARGNE\/20160822-1.jpg?resize=700%2C400&ssl=1 2x"},"classes":[]}],"_links":{"self":[{"href":"https:\/\/www.tanx.fr\/shopping\/wp-json\/wp\/v2\/product\/1152","targetHints":{"allow":["GET"]}}],"collection":[{"href":"https:\/\/www.tanx.fr\/shopping\/wp-json\/wp\/v2\/product"}],"about":[{"href":"https:\/\/www.tanx.fr\/shopping\/wp-json\/wp\/v2\/types\/product"}],"wp:featuredmedia":[{"embeddable":true,"href":"https:\/\/www.tanx.fr\/shopping\/wp-json\/wp\/v2\/media\/5014"}],"wp:attachment":[{"href":"https:\/\/www.tanx.fr\/shopping\/wp-json\/wp\/v2\/media?parent=1152"}],"wp:term":[{"taxonomy":"product_brand","embeddable":true,"href":"https:\/\/www.tanx.fr\/shopping\/wp-json\/wp\/v2\/product_brand?post=1152"},{"taxonomy":"product_cat","embeddable":true,"href":"https:\/\/www.tanx.fr\/shopping\/wp-json\/wp\/v2\/product_cat?post=1152"},{"taxonomy":"product_tag","embeddable":true,"href":"https:\/\/www.tanx.fr\/shopping\/wp-json\/wp\/v2\/product_tag?post=1152"}],"curies":[{"name":"wp","href":"https:\/\/api.w.org\/{rel}","templated":true}]}}