{"id":4888,"date":"2020-09-28T11:27:56","date_gmt":"2020-09-28T11:27:56","guid":{"rendered":"http:\/\/www.tanx.fr\/shopping\/?post_type=product&#038;p=4888"},"modified":"2025-08-19T06:51:20","modified_gmt":"2025-08-19T06:51:20","slug":"zombie","status":"publish","type":"product","link":"https:\/\/www.tanx.fr\/shopping\/produit\/zombie\/","title":{"rendered":"Zombie"},"content":{"rendered":"","protected":false},"excerpt":{"rendered":"<p>Linogravure en r\u00e9duction<br \/>\n4 couleurs, encre \u00e0 l&rsquo;eau (couleur) et offset (noir)<br \/>\nsur papier Dor\u00e9e 170gr 15x21cm<br \/>\ntirage de 52 exemplaires num\u00e9rot\u00e9s et sign\u00e9s<\/p>\n","protected":false},"featured_media":257,"template":"","meta":{"jetpack_post_was_ever_published":false},"product_brand":[],"product_cat":[130,129],"product_tag":[],"class_list":{"0":"post-4888","1":"product","2":"type-product","3":"status-publish","4":"has-post-thumbnail","6":"product_cat-gravure","7":"product_cat-taille-depargne","8":"product_shipping_class-100gr","10":"first","11":"instock","12":"shipping-taxable","13":"purchasable","14":"product-type-simple"},"jetpack_sharing_enabled":true,"jetpack-related-posts":[],"_links":{"self":[{"href":"https:\/\/www.tanx.fr\/shopping\/wp-json\/wp\/v2\/product\/4888","targetHints":{"allow":["GET"]}}],"collection":[{"href":"https:\/\/www.tanx.fr\/shopping\/wp-json\/wp\/v2\/product"}],"about":[{"href":"https:\/\/www.tanx.fr\/shopping\/wp-json\/wp\/v2\/types\/product"}],"wp:featuredmedia":[{"embeddable":true,"href":"https:\/\/www.tanx.fr\/shopping\/wp-json\/wp\/v2\/media\/257"}],"wp:attachment":[{"href":"https:\/\/www.tanx.fr\/shopping\/wp-json\/wp\/v2\/media?parent=4888"}],"wp:term":[{"taxonomy":"product_brand","embeddable":true,"href":"https:\/\/www.tanx.fr\/shopping\/wp-json\/wp\/v2\/product_brand?post=4888"},{"taxonomy":"product_cat","embeddable":true,"href":"https:\/\/www.tanx.fr\/shopping\/wp-json\/wp\/v2\/product_cat?post=4888"},{"taxonomy":"product_tag","embeddable":true,"href":"https:\/\/www.tanx.fr\/shopping\/wp-json\/wp\/v2\/product_tag?post=4888"}],"curies":[{"name":"wp","href":"https:\/\/api.w.org\/{rel}","templated":true}]}}