{"id":5239,"date":"2021-03-27T19:59:58","date_gmt":"2021-03-27T19:59:58","guid":{"rendered":"http:\/\/www.tanx.fr\/shopping\/?post_type=product&#038;p=5239"},"modified":"2026-03-02T09:47:29","modified_gmt":"2026-03-02T09:47:29","slug":"double-rock-trouble-zombie","status":"publish","type":"product","link":"https:\/\/www.tanx.fr\/shopping\/produit\/double-rock-trouble-zombie\/","title":{"rendered":"Double Rock, Trouble Zombie !"},"content":{"rendered":"","protected":false},"excerpt":{"rendered":"<p>La suite de <em>Rock, zombie !<\/em> et de <em>Faire danser les morts<\/em>, dispo en librairie pour ce dernier encore, respectivement \u00e9dit\u00e9s par <em>Les Requins Marteaux<\/em> et <em>M\u00eame Pas Mal<\/em>. Il est conseill\u00e9 de lire le premier volume au moins, vu les vannes, mais on peut s&rsquo;en passer.<\/p>\n<p>La b\u00e9d\u00e9 r\u00e9volutionn\u00e9e par le grand n&rsquo;importe quoi d\u00e9boule \u00e0 la grande consternation du monde entier, elle fait 44 pages noir et blanc avec des jolis dessins de zombies \u00e0 la fin en sus de la narration de haut vol, la couv souple est tout en couleur<br \/>\nformat 14,8x21cm<\/p>\n","protected":false},"featured_media":7971,"template":"","meta":{"jetpack_post_was_ever_published":false},"product_brand":[],"product_cat":[137],"product_tag":[],"class_list":{"0":"post-5239","1":"product","2":"type-product","3":"status-publish","4":"has-post-thumbnail","6":"product_cat-livres-zines","7":"product_shipping_class-100gr","9":"first","10":"instock","11":"featured","12":"shipping-taxable","13":"purchasable","14":"product-type-simple"},"jetpack_sharing_enabled":true,"jetpack-related-posts":[{"id":6281,"url":"https:\/\/www.tanx.fr\/shopping\/produit\/rock-zombie\/","url_meta":{"origin":5239,"position":0},"title":"Rock, zombie !","author":"TANX","date":"mai 2, 2023","format":false,"excerpt":"du rock et des zombies r\u00e9\u00e9dition de 2010 du comix \u00e9dit\u00e9 en 2005, le tout par les requins marteaux. exemplaires sauv\u00e9s du pilon, c'est les derniers survivants 40 pages noir et blanc, couv couleur.","rel":"","context":"Article similaire","block_context":{"text":"Article similaire","link":""},"img":{"alt_text":"","src":"https:\/\/i0.wp.com\/www.tanx.fr\/shopping\/wp-content\/uploads\/20230502_rz2-Copie.jpg?resize=350%2C200&ssl=1","width":350,"height":200,"srcset":"https:\/\/i0.wp.com\/www.tanx.fr\/shopping\/wp-content\/uploads\/20230502_rz2-Copie.jpg?resize=350%2C200&ssl=1 1x, https:\/\/i0.wp.com\/www.tanx.fr\/shopping\/wp-content\/uploads\/20230502_rz2-Copie.jpg?resize=525%2C300&ssl=1 1.5x, https:\/\/i0.wp.com\/www.tanx.fr\/shopping\/wp-content\/uploads\/20230502_rz2-Copie.jpg?resize=700%2C400&ssl=1 2x"},"classes":[]},{"id":4591,"url":"https:\/\/www.tanx.fr\/shopping\/produit\/rock-zombie-4eme-de-couv-reedition\/","url_meta":{"origin":5239,"position":1},"title":"Rock, zombie ! \/ 4\u00e8me de couv r\u00e9\u00e9dition","author":"TANX","date":"mars 9, 2020","format":false,"excerpt":"Original pour la 4\u00e8me de couverture de la r\u00e9\u00e9dition de Rock, Zombie ! (Requins Marteaux, 2010) peinture \u00e0 l'huile sur carton. ATTENTION \/ REMISE EN MAIN PROPRE UNIQUEMENT merci de me contacter pour convenir d'un rendez vous sur Paris.","rel":"","context":"Article similaire","block_context":{"text":"Article similaire","link":""},"img":{"alt_text":"","src":"https:\/\/i0.wp.com\/www.tanx.fr\/shopping\/wp-content\/uploads\/originaux_rockzombie_4.jpg?resize=350%2C200&ssl=1","width":350,"height":200,"srcset":"https:\/\/i0.wp.com\/www.tanx.fr\/shopping\/wp-content\/uploads\/originaux_rockzombie_4.jpg?resize=350%2C200&ssl=1 1x, https:\/\/i0.wp.com\/www.tanx.fr\/shopping\/wp-content\/uploads\/originaux_rockzombie_4.jpg?resize=525%2C300&ssl=1 1.5x"},"classes":[]},{"id":4888,"url":"https:\/\/www.tanx.fr\/shopping\/produit\/zombie\/","url_meta":{"origin":5239,"position":2},"title":"Zombie","author":"TANX","date":"septembre 28, 2020","format":false,"excerpt":"Linogravure en r\u00e9duction 4 couleurs, encre \u00e0 l'eau (couleur) et offset (noir) sur papier Dor\u00e9e 170gr 15x21cm tirage de 52 exemplaires num\u00e9rot\u00e9s et sign\u00e9s","rel":"","context":"Article similaire","block_context":{"text":"Article similaire","link":""},"img":{"alt_text":"Zombie linogravure","src":"https:\/\/i0.wp.com\/www.tanx.fr\/shopping\/wp-content\/uploads\/2018\/08\/GRAVURES\/TAILLE%20EPARGNE\/zombie3_1434892800.jpg?resize=350%2C200&ssl=1","width":350,"height":200,"srcset":"https:\/\/i0.wp.com\/www.tanx.fr\/shopping\/wp-content\/uploads\/2018\/08\/GRAVURES\/TAILLE%20EPARGNE\/zombie3_1434892800.jpg?resize=350%2C200&ssl=1 1x, https:\/\/i0.wp.com\/www.tanx.fr\/shopping\/wp-content\/uploads\/2018\/08\/GRAVURES\/TAILLE%20EPARGNE\/zombie3_1434892800.jpg?resize=525%2C300&ssl=1 1.5x, https:\/\/i0.wp.com\/www.tanx.fr\/shopping\/wp-content\/uploads\/2018\/08\/GRAVURES\/TAILLE%20EPARGNE\/zombie3_1434892800.jpg?resize=700%2C400&ssl=1 2x"},"classes":[]},{"id":7541,"url":"https:\/\/www.tanx.fr\/shopping\/produit\/badge-zombie-sympa\/","url_meta":{"origin":5239,"position":3},"title":"badge zombie sympa","author":"TANX","date":"ao\u00fbt 25, 2024","format":false,"excerpt":"badge 32mm","rel":"","context":"Article similaire","block_context":{"text":"Article similaire","link":""},"img":{"alt_text":"","src":"https:\/\/i0.wp.com\/www.tanx.fr\/shopping\/wp-content\/uploads\/20240825_zombie2.jpg?resize=350%2C200&ssl=1","width":350,"height":200,"srcset":"https:\/\/i0.wp.com\/www.tanx.fr\/shopping\/wp-content\/uploads\/20240825_zombie2.jpg?resize=350%2C200&ssl=1 1x, https:\/\/i0.wp.com\/www.tanx.fr\/shopping\/wp-content\/uploads\/20240825_zombie2.jpg?resize=525%2C300&ssl=1 1.5x, https:\/\/i0.wp.com\/www.tanx.fr\/shopping\/wp-content\/uploads\/20240825_zombie2.jpg?resize=700%2C400&ssl=1 2x"},"classes":[]},{"id":4535,"url":"https:\/\/www.tanx.fr\/shopping\/produit\/faire-danser-les-morts-unsane\/","url_meta":{"origin":5239,"position":4},"title":"Faire Danser les Morts \/ Unsane","author":"TANX","date":"mars 8, 2020","format":false,"excerpt":"le carton fait 45x32cm, pour l'\u00e9chelle original, encre de chine sur papier Double page issue de \"faire danser les morts\", Unsane face aux zombies attention, remise en main propre uniquement, sur Paris. La demande de coordonn\u00e9es est pour mes paperasses et aucun envoi ne sera effectu\u00e9 pour ce produit. Si\u2026","rel":"","context":"Article similaire","block_context":{"text":"Article similaire","link":""},"img":{"alt_text":"","src":"https:\/\/i0.wp.com\/www.tanx.fr\/shopping\/wp-content\/uploads\/30.jpg?resize=350%2C200&ssl=1","width":350,"height":200,"srcset":"https:\/\/i0.wp.com\/www.tanx.fr\/shopping\/wp-content\/uploads\/30.jpg?resize=350%2C200&ssl=1 1x, https:\/\/i0.wp.com\/www.tanx.fr\/shopping\/wp-content\/uploads\/30.jpg?resize=525%2C300&ssl=1 1.5x, https:\/\/i0.wp.com\/www.tanx.fr\/shopping\/wp-content\/uploads\/30.jpg?resize=700%2C400&ssl=1 2x"},"classes":[]},{"id":6192,"url":"https:\/\/www.tanx.fr\/shopping\/produit\/tango-macabre\/","url_meta":{"origin":5239,"position":5},"title":"Tango Macabre","author":"TANX","date":"mars 21, 2023","format":false,"excerpt":"Linogravure encre typographique sur papier fait main \u00e0 bords frang\u00e9s. gravure 14,8x21cm papier environ A4 23 ex num\u00e9rot\u00e9s sign\u00e9s","rel":"","context":"Article similaire","block_context":{"text":"Article similaire","link":""},"img":{"alt_text":"","src":"https:\/\/i0.wp.com\/www.tanx.fr\/shopping\/wp-content\/uploads\/20230320_tangomacabre1.jpg?resize=350%2C200&ssl=1","width":350,"height":200,"srcset":"https:\/\/i0.wp.com\/www.tanx.fr\/shopping\/wp-content\/uploads\/20230320_tangomacabre1.jpg?resize=350%2C200&ssl=1 1x, https:\/\/i0.wp.com\/www.tanx.fr\/shopping\/wp-content\/uploads\/20230320_tangomacabre1.jpg?resize=525%2C300&ssl=1 1.5x, https:\/\/i0.wp.com\/www.tanx.fr\/shopping\/wp-content\/uploads\/20230320_tangomacabre1.jpg?resize=700%2C400&ssl=1 2x"},"classes":[]}],"_links":{"self":[{"href":"https:\/\/www.tanx.fr\/shopping\/wp-json\/wp\/v2\/product\/5239","targetHints":{"allow":["GET"]}}],"collection":[{"href":"https:\/\/www.tanx.fr\/shopping\/wp-json\/wp\/v2\/product"}],"about":[{"href":"https:\/\/www.tanx.fr\/shopping\/wp-json\/wp\/v2\/types\/product"}],"wp:featuredmedia":[{"embeddable":true,"href":"https:\/\/www.tanx.fr\/shopping\/wp-json\/wp\/v2\/media\/7971"}],"wp:attachment":[{"href":"https:\/\/www.tanx.fr\/shopping\/wp-json\/wp\/v2\/media?parent=5239"}],"wp:term":[{"taxonomy":"product_brand","embeddable":true,"href":"https:\/\/www.tanx.fr\/shopping\/wp-json\/wp\/v2\/product_brand?post=5239"},{"taxonomy":"product_cat","embeddable":true,"href":"https:\/\/www.tanx.fr\/shopping\/wp-json\/wp\/v2\/product_cat?post=5239"},{"taxonomy":"product_tag","embeddable":true,"href":"https:\/\/www.tanx.fr\/shopping\/wp-json\/wp\/v2\/product_tag?post=5239"}],"curies":[{"name":"wp","href":"https:\/\/api.w.org\/{rel}","templated":true}]}}