{"id":5318,"date":"2021-06-03T08:04:55","date_gmt":"2021-06-03T08:04:55","guid":{"rendered":"http:\/\/www.tanx.fr\/shopping\/?post_type=product&#038;p=5318"},"modified":"2025-08-19T05:40:03","modified_gmt":"2025-08-19T05:40:03","slug":"carnivore","status":"publish","type":"product","link":"https:\/\/www.tanx.fr\/shopping\/produit\/carnivore\/","title":{"rendered":"Carnivore"},"content":{"rendered":"","protected":false},"excerpt":{"rendered":"<p>Linogravure 6 passages dont 2 en r\u00e9duction, encres typographiques. 10,5x15cm (lino) sur papier Hahnem\u00fclhe 14,85,21cm<br \/>\n24 ex num\u00e9rot\u00e9s et sign\u00e9s<\/p>\n<p>&nbsp;<\/p>\n<p>&nbsp;<\/p>\n","protected":false},"featured_media":5320,"template":"","meta":{"jetpack_post_was_ever_published":false},"product_brand":[],"product_cat":[130,223,129],"product_tag":[],"class_list":{"0":"post-5318","1":"product","2":"type-product","3":"status-publish","4":"has-post-thumbnail","6":"product_cat-gravure","7":"product_cat-petit-format-taille-depargne","8":"product_cat-taille-depargne","9":"product_shipping_class-100gr","11":"first","12":"instock","13":"shipping-taxable","14":"purchasable","15":"product-type-simple"},"jetpack_sharing_enabled":true,"jetpack-related-posts":[],"_links":{"self":[{"href":"https:\/\/www.tanx.fr\/shopping\/wp-json\/wp\/v2\/product\/5318","targetHints":{"allow":["GET"]}}],"collection":[{"href":"https:\/\/www.tanx.fr\/shopping\/wp-json\/wp\/v2\/product"}],"about":[{"href":"https:\/\/www.tanx.fr\/shopping\/wp-json\/wp\/v2\/types\/product"}],"wp:featuredmedia":[{"embeddable":true,"href":"https:\/\/www.tanx.fr\/shopping\/wp-json\/wp\/v2\/media\/5320"}],"wp:attachment":[{"href":"https:\/\/www.tanx.fr\/shopping\/wp-json\/wp\/v2\/media?parent=5318"}],"wp:term":[{"taxonomy":"product_brand","embeddable":true,"href":"https:\/\/www.tanx.fr\/shopping\/wp-json\/wp\/v2\/product_brand?post=5318"},{"taxonomy":"product_cat","embeddable":true,"href":"https:\/\/www.tanx.fr\/shopping\/wp-json\/wp\/v2\/product_cat?post=5318"},{"taxonomy":"product_tag","embeddable":true,"href":"https:\/\/www.tanx.fr\/shopping\/wp-json\/wp\/v2\/product_tag?post=5318"}],"curies":[{"name":"wp","href":"https:\/\/api.w.org\/{rel}","templated":true}]}}