{"id":5368,"date":"2021-07-31T15:47:00","date_gmt":"2021-07-31T15:47:00","guid":{"rendered":"http:\/\/www.tanx.fr\/shopping\/?post_type=product&#038;p=5368"},"modified":"2025-11-22T06:32:19","modified_gmt":"2025-11-22T06:32:19","slug":"limprevu","status":"publish","type":"product","link":"https:\/\/www.tanx.fr\/shopping\/produit\/limprevu\/","title":{"rendered":"l&rsquo;Impr\u00e9vu"},"content":{"rendered":"","protected":false},"excerpt":{"rendered":"<p>Linogravure 4 couleurs typo et taille-douce sur papier Hahnem\u00fchle<br \/>\n14,85x21cm (papier)<br \/>\n20 ex num\u00e9rot\u00e9s et sign\u00e9s<\/p>\n","protected":false},"featured_media":5369,"template":"","meta":{"jetpack_post_was_ever_published":false},"product_brand":[],"product_cat":[130,223,129],"product_tag":[],"class_list":{"0":"post-5368","1":"product","2":"type-product","3":"status-publish","4":"has-post-thumbnail","6":"product_cat-gravure","7":"product_cat-petit-format-taille-depargne","8":"product_cat-taille-depargne","9":"product_shipping_class-100gr","11":"first","12":"instock","13":"shipping-taxable","14":"purchasable","15":"product-type-simple"},"jetpack_sharing_enabled":true,"jetpack-related-posts":[{"id":1128,"url":"https:\/\/www.tanx.fr\/shopping\/produit\/la-derniere-tournee\/","url_meta":{"origin":5368,"position":0},"title":"La derni\u00e8re tourn\u00e9e","author":"TANX","date":"octobre 29, 2019","format":false,"excerpt":"Linogravure 4 couleurs Encres typographiques sur papier Dor\u00e9e 180gr 11,5x15cm (papier) 19 ex num\u00e9rot\u00e9s et sign\u00e9s","rel":"","context":"Article similaire","block_context":{"text":"Article similaire","link":""},"img":{"alt_text":"","src":"https:\/\/i0.wp.com\/www.tanx.fr\/shopping\/wp-content\/uploads\/20190119-tournee.jpg?resize=350%2C200&ssl=1","width":350,"height":200,"srcset":"https:\/\/i0.wp.com\/www.tanx.fr\/shopping\/wp-content\/uploads\/20190119-tournee.jpg?resize=350%2C200&ssl=1 1x, https:\/\/i0.wp.com\/www.tanx.fr\/shopping\/wp-content\/uploads\/20190119-tournee.jpg?resize=525%2C300&ssl=1 1.5x"},"classes":[]},{"id":5424,"url":"https:\/\/www.tanx.fr\/shopping\/produit\/ils-se-pomponnent\/","url_meta":{"origin":5368,"position":1},"title":"ils se pomponnent","author":"TANX","date":"ao\u00fbt 26, 2021","format":false,"excerpt":"Linogravure d'apr\u00e8s le Caprice de Goya gravure 10,5x15cm sur papier 14,85x21cm 3 passages couleurs dont 2 en r\u00e9duction, encres typo papier Wenzhou maroufl\u00e9 22 exemplaires (tirage unique)","rel":"","context":"Article similaire","block_context":{"text":"Article similaire","link":""},"img":{"alt_text":"","src":"https:\/\/i0.wp.com\/www.tanx.fr\/shopping\/wp-content\/uploads\/20210826_goya1.jpg?resize=350%2C200&ssl=1","width":350,"height":200,"srcset":"https:\/\/i0.wp.com\/www.tanx.fr\/shopping\/wp-content\/uploads\/20210826_goya1.jpg?resize=350%2C200&ssl=1 1x, https:\/\/i0.wp.com\/www.tanx.fr\/shopping\/wp-content\/uploads\/20210826_goya1.jpg?resize=525%2C300&ssl=1 1.5x, https:\/\/i0.wp.com\/www.tanx.fr\/shopping\/wp-content\/uploads\/20210826_goya1.jpg?resize=700%2C400&ssl=1 2x"},"classes":[]},{"id":6146,"url":"https:\/\/www.tanx.fr\/shopping\/produit\/bombe\/","url_meta":{"origin":5368,"position":2},"title":"bombe","author":"TANX","date":"f\u00e9vrier 16, 2023","format":false,"excerpt":"linogravure 4 couleurs encres typos sur fabriano cr\u00e8me, papier 12,5x17,5cm 24 ex num\u00e9rot\u00e9s sign\u00e9s","rel":"","context":"Article similaire","block_context":{"text":"Article similaire","link":""},"img":{"alt_text":"","src":"https:\/\/i0.wp.com\/www.tanx.fr\/shopping\/wp-content\/uploads\/20230216_bombe.jpg?resize=350%2C200&ssl=1","width":350,"height":200,"srcset":"https:\/\/i0.wp.com\/www.tanx.fr\/shopping\/wp-content\/uploads\/20230216_bombe.jpg?resize=350%2C200&ssl=1 1x, https:\/\/i0.wp.com\/www.tanx.fr\/shopping\/wp-content\/uploads\/20230216_bombe.jpg?resize=525%2C300&ssl=1 1.5x, https:\/\/i0.wp.com\/www.tanx.fr\/shopping\/wp-content\/uploads\/20230216_bombe.jpg?resize=700%2C400&ssl=1 2x"},"classes":[]},{"id":1143,"url":"https:\/\/www.tanx.fr\/shopping\/produit\/prout-sauvage\/","url_meta":{"origin":5368,"position":3},"title":"Prout sauvage","author":"TANX","date":"octobre 29, 2019","format":false,"excerpt":"gravure sur bois 3 couleurs, dont 2 en r\u00e9duction. Encre offset sur papier Hahnem\u00fchle 14,8x20cm 40 ex num\u00e9rot\u00e9s et sign\u00e9s","rel":"","context":"Article similaire","block_context":{"text":"Article similaire","link":""},"img":{"alt_text":"","src":"https:\/\/i0.wp.com\/www.tanx.fr\/shopping\/wp-content\/uploads\/2018\/08\/GRAVURES\/TAILLE%20EPARGNE\/20180201-prout.jpg?resize=350%2C200&ssl=1","width":350,"height":200,"srcset":"https:\/\/i0.wp.com\/www.tanx.fr\/shopping\/wp-content\/uploads\/2018\/08\/GRAVURES\/TAILLE%20EPARGNE\/20180201-prout.jpg?resize=350%2C200&ssl=1 1x, https:\/\/i0.wp.com\/www.tanx.fr\/shopping\/wp-content\/uploads\/2018\/08\/GRAVURES\/TAILLE%20EPARGNE\/20180201-prout.jpg?resize=525%2C300&ssl=1 1.5x, https:\/\/i0.wp.com\/www.tanx.fr\/shopping\/wp-content\/uploads\/2018\/08\/GRAVURES\/TAILLE%20EPARGNE\/20180201-prout.jpg?resize=700%2C400&ssl=1 2x"},"classes":[]},{"id":4888,"url":"https:\/\/www.tanx.fr\/shopping\/produit\/zombie\/","url_meta":{"origin":5368,"position":4},"title":"Zombie","author":"TANX","date":"septembre 28, 2020","format":false,"excerpt":"Linogravure en r\u00e9duction 4 couleurs, encre \u00e0 l'eau (couleur) et offset (noir) sur papier Dor\u00e9e 170gr 15x21cm tirage de 52 exemplaires num\u00e9rot\u00e9s et sign\u00e9s","rel":"","context":"Article similaire","block_context":{"text":"Article similaire","link":""},"img":{"alt_text":"Zombie linogravure","src":"https:\/\/i0.wp.com\/www.tanx.fr\/shopping\/wp-content\/uploads\/2018\/08\/GRAVURES\/TAILLE%20EPARGNE\/zombie3_1434892800.jpg?resize=350%2C200&ssl=1","width":350,"height":200,"srcset":"https:\/\/i0.wp.com\/www.tanx.fr\/shopping\/wp-content\/uploads\/2018\/08\/GRAVURES\/TAILLE%20EPARGNE\/zombie3_1434892800.jpg?resize=350%2C200&ssl=1 1x, https:\/\/i0.wp.com\/www.tanx.fr\/shopping\/wp-content\/uploads\/2018\/08\/GRAVURES\/TAILLE%20EPARGNE\/zombie3_1434892800.jpg?resize=525%2C300&ssl=1 1.5x, https:\/\/i0.wp.com\/www.tanx.fr\/shopping\/wp-content\/uploads\/2018\/08\/GRAVURES\/TAILLE%20EPARGNE\/zombie3_1434892800.jpg?resize=700%2C400&ssl=1 2x"},"classes":[]},{"id":6192,"url":"https:\/\/www.tanx.fr\/shopping\/produit\/tango-macabre\/","url_meta":{"origin":5368,"position":5},"title":"Tango Macabre","author":"TANX","date":"mars 21, 2023","format":false,"excerpt":"Linogravure encre typographique sur papier fait main \u00e0 bords frang\u00e9s. gravure 14,8x21cm papier environ A4 23 ex num\u00e9rot\u00e9s sign\u00e9s","rel":"","context":"Article similaire","block_context":{"text":"Article similaire","link":""},"img":{"alt_text":"","src":"https:\/\/i0.wp.com\/www.tanx.fr\/shopping\/wp-content\/uploads\/20230320_tangomacabre1.jpg?resize=350%2C200&ssl=1","width":350,"height":200,"srcset":"https:\/\/i0.wp.com\/www.tanx.fr\/shopping\/wp-content\/uploads\/20230320_tangomacabre1.jpg?resize=350%2C200&ssl=1 1x, https:\/\/i0.wp.com\/www.tanx.fr\/shopping\/wp-content\/uploads\/20230320_tangomacabre1.jpg?resize=525%2C300&ssl=1 1.5x, https:\/\/i0.wp.com\/www.tanx.fr\/shopping\/wp-content\/uploads\/20230320_tangomacabre1.jpg?resize=700%2C400&ssl=1 2x"},"classes":[]}],"_links":{"self":[{"href":"https:\/\/www.tanx.fr\/shopping\/wp-json\/wp\/v2\/product\/5368","targetHints":{"allow":["GET"]}}],"collection":[{"href":"https:\/\/www.tanx.fr\/shopping\/wp-json\/wp\/v2\/product"}],"about":[{"href":"https:\/\/www.tanx.fr\/shopping\/wp-json\/wp\/v2\/types\/product"}],"wp:featuredmedia":[{"embeddable":true,"href":"https:\/\/www.tanx.fr\/shopping\/wp-json\/wp\/v2\/media\/5369"}],"wp:attachment":[{"href":"https:\/\/www.tanx.fr\/shopping\/wp-json\/wp\/v2\/media?parent=5368"}],"wp:term":[{"taxonomy":"product_brand","embeddable":true,"href":"https:\/\/www.tanx.fr\/shopping\/wp-json\/wp\/v2\/product_brand?post=5368"},{"taxonomy":"product_cat","embeddable":true,"href":"https:\/\/www.tanx.fr\/shopping\/wp-json\/wp\/v2\/product_cat?post=5368"},{"taxonomy":"product_tag","embeddable":true,"href":"https:\/\/www.tanx.fr\/shopping\/wp-json\/wp\/v2\/product_tag?post=5368"}],"curies":[{"name":"wp","href":"https:\/\/api.w.org\/{rel}","templated":true}]}}