{"id":5431,"date":"2021-08-31T07:38:19","date_gmt":"2021-08-31T07:38:19","guid":{"rendered":"http:\/\/www.tanx.fr\/shopping\/?post_type=product&#038;p=5431"},"modified":"2025-08-19T06:41:53","modified_gmt":"2025-08-19T06:41:53","slug":"punkparano","status":"publish","type":"product","link":"https:\/\/www.tanx.fr\/shopping\/produit\/punkparano\/","title":{"rendered":"punk parano"},"content":{"rendered":"","protected":false},"excerpt":{"rendered":"<p>linogravure encre taille douce \u00e0 bord perdu sur papier Hahnem\u00fchle 180gr 15x21cm<br \/>\nmonogramme gaufr\u00e9<\/p>\n","protected":false},"featured_media":5432,"template":"","meta":{"jetpack_post_was_ever_published":false},"product_brand":[],"product_cat":[130,223,129],"product_tag":[],"class_list":{"0":"post-5431","1":"product","2":"type-product","3":"status-publish","4":"has-post-thumbnail","6":"product_cat-gravure","7":"product_cat-petit-format-taille-depargne","8":"product_cat-taille-depargne","9":"product_shipping_class-zine","11":"first","12":"instock","13":"shipping-taxable","14":"purchasable","15":"product-type-simple"},"jetpack_sharing_enabled":true,"jetpack-related-posts":[{"id":1243,"url":"https:\/\/www.tanx.fr\/shopping\/produit\/punk-feuillu\/","url_meta":{"origin":5431,"position":0},"title":"Punk feuillu","author":"TANX","date":"octobre 30, 2019","format":false,"excerpt":"linogravure encre noir vignette sur papier Dor\u00e9e 170gr 15x21cm (papier) sign\u00e9","rel":"","context":"Article similaire","block_context":{"text":"Article similaire","link":""},"img":{"alt_text":"","src":"https:\/\/i0.wp.com\/www.tanx.fr\/shopping\/wp-content\/uploads\/punkfeuillu.jpg?resize=350%2C200&ssl=1","width":350,"height":200,"srcset":"https:\/\/i0.wp.com\/www.tanx.fr\/shopping\/wp-content\/uploads\/punkfeuillu.jpg?resize=350%2C200&ssl=1 1x, https:\/\/i0.wp.com\/www.tanx.fr\/shopping\/wp-content\/uploads\/punkfeuillu.jpg?resize=525%2C300&ssl=1 1.5x"},"classes":[]},{"id":8095,"url":"https:\/\/www.tanx.fr\/shopping\/produit\/acab\/","url_meta":{"origin":5431,"position":1},"title":"ACAB","author":"TANX","date":"ao\u00fbt 19, 2025","format":false,"excerpt":"Linogravure encre taille douce sur papier buvard d'impression 35x50cm, monogramme gaufr\u00e9 envoi via mondial relay ou remise en main propre sur paris selon mes dispos","rel":"","context":"Article similaire","block_context":{"text":"Article similaire","link":""},"img":{"alt_text":"","src":"https:\/\/i0.wp.com\/www.tanx.fr\/shopping\/wp-content\/uploads\/2019_acab1.jpg?resize=350%2C200&ssl=1","width":350,"height":200,"srcset":"https:\/\/i0.wp.com\/www.tanx.fr\/shopping\/wp-content\/uploads\/2019_acab1.jpg?resize=350%2C200&ssl=1 1x, https:\/\/i0.wp.com\/www.tanx.fr\/shopping\/wp-content\/uploads\/2019_acab1.jpg?resize=525%2C300&ssl=1 1.5x, https:\/\/i0.wp.com\/www.tanx.fr\/shopping\/wp-content\/uploads\/2019_acab1.jpg?resize=700%2C400&ssl=1 2x"},"classes":[]},{"id":4888,"url":"https:\/\/www.tanx.fr\/shopping\/produit\/zombie\/","url_meta":{"origin":5431,"position":2},"title":"Zombie","author":"TANX","date":"septembre 28, 2020","format":false,"excerpt":"Linogravure en r\u00e9duction 4 couleurs, encre \u00e0 l'eau (couleur) et offset (noir) sur papier Dor\u00e9e 170gr 15x21cm tirage de 52 exemplaires num\u00e9rot\u00e9s et sign\u00e9s","rel":"","context":"Article similaire","block_context":{"text":"Article similaire","link":""},"img":{"alt_text":"Zombie linogravure","src":"https:\/\/i0.wp.com\/www.tanx.fr\/shopping\/wp-content\/uploads\/2018\/08\/GRAVURES\/TAILLE%20EPARGNE\/zombie3_1434892800.jpg?resize=350%2C200&ssl=1","width":350,"height":200,"srcset":"https:\/\/i0.wp.com\/www.tanx.fr\/shopping\/wp-content\/uploads\/2018\/08\/GRAVURES\/TAILLE%20EPARGNE\/zombie3_1434892800.jpg?resize=350%2C200&ssl=1 1x, https:\/\/i0.wp.com\/www.tanx.fr\/shopping\/wp-content\/uploads\/2018\/08\/GRAVURES\/TAILLE%20EPARGNE\/zombie3_1434892800.jpg?resize=525%2C300&ssl=1 1.5x, https:\/\/i0.wp.com\/www.tanx.fr\/shopping\/wp-content\/uploads\/2018\/08\/GRAVURES\/TAILLE%20EPARGNE\/zombie3_1434892800.jpg?resize=700%2C400&ssl=1 2x"},"classes":[]},{"id":5368,"url":"https:\/\/www.tanx.fr\/shopping\/produit\/limprevu\/","url_meta":{"origin":5431,"position":3},"title":"l&rsquo;Impr\u00e9vu","author":"TANX","date":"juillet 31, 2021","format":false,"excerpt":"Linogravure 4 couleurs typo et taille-douce sur papier Hahnem\u00fchle 14,85x21cm (papier) 20 ex num\u00e9rot\u00e9s et sign\u00e9s","rel":"","context":"Article similaire","block_context":{"text":"Article similaire","link":""},"img":{"alt_text":"","src":"https:\/\/i0.wp.com\/www.tanx.fr\/shopping\/wp-content\/uploads\/20210731_Imprevu1.jpg?resize=350%2C200&ssl=1","width":350,"height":200,"srcset":"https:\/\/i0.wp.com\/www.tanx.fr\/shopping\/wp-content\/uploads\/20210731_Imprevu1.jpg?resize=350%2C200&ssl=1 1x, https:\/\/i0.wp.com\/www.tanx.fr\/shopping\/wp-content\/uploads\/20210731_Imprevu1.jpg?resize=525%2C300&ssl=1 1.5x, https:\/\/i0.wp.com\/www.tanx.fr\/shopping\/wp-content\/uploads\/20210731_Imprevu1.jpg?resize=700%2C400&ssl=1 2x"},"classes":[]},{"id":1152,"url":"https:\/\/www.tanx.fr\/shopping\/produit\/circuler\/","url_meta":{"origin":5431,"position":4},"title":"Circuler","author":"TANX","date":"octobre 29, 2019","format":false,"excerpt":"Linogravure 4 couleurs en r\u00e9duction, encres offset sur papier Laurier 180gr 44 exemplaires num\u00e9rot\u00e9s et sign\u00e9s.","rel":"","context":"Article similaire","block_context":{"text":"Article similaire","link":""},"img":{"alt_text":"","src":"https:\/\/i0.wp.com\/www.tanx.fr\/shopping\/wp-content\/uploads\/circuler_lino.jpg?resize=350%2C200&ssl=1","width":350,"height":200,"srcset":"https:\/\/i0.wp.com\/www.tanx.fr\/shopping\/wp-content\/uploads\/circuler_lino.jpg?resize=350%2C200&ssl=1 1x, https:\/\/i0.wp.com\/www.tanx.fr\/shopping\/wp-content\/uploads\/circuler_lino.jpg?resize=525%2C300&ssl=1 1.5x, https:\/\/i0.wp.com\/www.tanx.fr\/shopping\/wp-content\/uploads\/circuler_lino.jpg?resize=700%2C400&ssl=1 2x"},"classes":[]},{"id":1128,"url":"https:\/\/www.tanx.fr\/shopping\/produit\/la-derniere-tournee\/","url_meta":{"origin":5431,"position":5},"title":"La derni\u00e8re tourn\u00e9e","author":"TANX","date":"octobre 29, 2019","format":false,"excerpt":"Linogravure 4 couleurs Encres typographiques sur papier Dor\u00e9e 180gr 11,5x15cm (papier) 19 ex num\u00e9rot\u00e9s et sign\u00e9s","rel":"","context":"Article similaire","block_context":{"text":"Article similaire","link":""},"img":{"alt_text":"","src":"https:\/\/i0.wp.com\/www.tanx.fr\/shopping\/wp-content\/uploads\/20190119-tournee.jpg?resize=350%2C200&ssl=1","width":350,"height":200,"srcset":"https:\/\/i0.wp.com\/www.tanx.fr\/shopping\/wp-content\/uploads\/20190119-tournee.jpg?resize=350%2C200&ssl=1 1x, https:\/\/i0.wp.com\/www.tanx.fr\/shopping\/wp-content\/uploads\/20190119-tournee.jpg?resize=525%2C300&ssl=1 1.5x"},"classes":[]}],"_links":{"self":[{"href":"https:\/\/www.tanx.fr\/shopping\/wp-json\/wp\/v2\/product\/5431","targetHints":{"allow":["GET"]}}],"collection":[{"href":"https:\/\/www.tanx.fr\/shopping\/wp-json\/wp\/v2\/product"}],"about":[{"href":"https:\/\/www.tanx.fr\/shopping\/wp-json\/wp\/v2\/types\/product"}],"wp:featuredmedia":[{"embeddable":true,"href":"https:\/\/www.tanx.fr\/shopping\/wp-json\/wp\/v2\/media\/5432"}],"wp:attachment":[{"href":"https:\/\/www.tanx.fr\/shopping\/wp-json\/wp\/v2\/media?parent=5431"}],"wp:term":[{"taxonomy":"product_brand","embeddable":true,"href":"https:\/\/www.tanx.fr\/shopping\/wp-json\/wp\/v2\/product_brand?post=5431"},{"taxonomy":"product_cat","embeddable":true,"href":"https:\/\/www.tanx.fr\/shopping\/wp-json\/wp\/v2\/product_cat?post=5431"},{"taxonomy":"product_tag","embeddable":true,"href":"https:\/\/www.tanx.fr\/shopping\/wp-json\/wp\/v2\/product_tag?post=5431"}],"curies":[{"name":"wp","href":"https:\/\/api.w.org\/{rel}","templated":true}]}}