{"id":5614,"date":"2022-01-21T09:24:08","date_gmt":"2022-01-21T09:24:08","guid":{"rendered":"http:\/\/www.tanx.fr\/shopping\/?post_type=product&#038;p=5614"},"modified":"2025-11-22T06:13:20","modified_gmt":"2025-11-22T06:13:20","slug":"morillosaurus","status":"publish","type":"product","link":"https:\/\/www.tanx.fr\/shopping\/produit\/morillosaurus\/","title":{"rendered":"Morillosaurus"},"content":{"rendered":"","protected":false},"excerpt":{"rendered":"<p>D&rsquo;apr\u00e8s une peinture de Lucas Ferrero, qui a donc une partie de ce tirage en vente de son c\u00f4t\u00e9 aussi<\/p>\n<p>Linogravure 5 passages (dont un en r\u00e9duction)<br \/>\nencres typos sur papier Hahnemulhe<br \/>\n12&#215;18 environ (papier)<br \/>\n28 ex num\u00e9rot\u00e9s et sign\u00e9s<\/p>\n","protected":false},"featured_media":5615,"template":"","meta":{"jetpack_post_was_ever_published":false},"product_brand":[],"product_cat":[130,223,129],"product_tag":[],"class_list":{"0":"post-5614","1":"product","2":"type-product","3":"status-publish","4":"has-post-thumbnail","6":"product_cat-gravure","7":"product_cat-petit-format-taille-depargne","8":"product_cat-taille-depargne","9":"product_shipping_class-100gr","11":"first","12":"instock","13":"shipping-taxable","14":"purchasable","15":"product-type-simple"},"jetpack_sharing_enabled":true,"jetpack-related-posts":[{"id":5335,"url":"https:\/\/www.tanx.fr\/shopping\/produit\/correspondance-aquarellee\/","url_meta":{"origin":5614,"position":0},"title":"correspondance","author":"TANX","date":"juin 23, 2021","format":false,"excerpt":"Lot de 5 cartes papiers \u00e0 lettre imprim\u00e9 sur une seule face, papier l\u00e9g\u00e8rement textur\u00e9 120gr. format 14,85x21cm envoy\u00e9 en format lettre","rel":"","context":"Article similaire","block_context":{"text":"Article similaire","link":""},"img":{"alt_text":"","src":"https:\/\/i0.wp.com\/www.tanx.fr\/shopping\/wp-content\/uploads\/20210623_carte1.jpg?resize=350%2C200&ssl=1","width":350,"height":200,"srcset":"https:\/\/i0.wp.com\/www.tanx.fr\/shopping\/wp-content\/uploads\/20210623_carte1.jpg?resize=350%2C200&ssl=1 1x, https:\/\/i0.wp.com\/www.tanx.fr\/shopping\/wp-content\/uploads\/20210623_carte1.jpg?resize=525%2C300&ssl=1 1.5x, https:\/\/i0.wp.com\/www.tanx.fr\/shopping\/wp-content\/uploads\/20210623_carte1.jpg?resize=700%2C400&ssl=1 2x"},"classes":[]},{"id":1243,"url":"https:\/\/www.tanx.fr\/shopping\/produit\/punk-feuillu\/","url_meta":{"origin":5614,"position":1},"title":"Punk feuillu","author":"TANX","date":"octobre 30, 2019","format":false,"excerpt":"linogravure encre noir vignette sur papier Dor\u00e9e 170gr 15x21cm (papier) sign\u00e9","rel":"","context":"Article similaire","block_context":{"text":"Article similaire","link":""},"img":{"alt_text":"","src":"https:\/\/i0.wp.com\/www.tanx.fr\/shopping\/wp-content\/uploads\/punkfeuillu.jpg?resize=350%2C200&ssl=1","width":350,"height":200,"srcset":"https:\/\/i0.wp.com\/www.tanx.fr\/shopping\/wp-content\/uploads\/punkfeuillu.jpg?resize=350%2C200&ssl=1 1x, https:\/\/i0.wp.com\/www.tanx.fr\/shopping\/wp-content\/uploads\/punkfeuillu.jpg?resize=525%2C300&ssl=1 1.5x"},"classes":[]},{"id":5368,"url":"https:\/\/www.tanx.fr\/shopping\/produit\/limprevu\/","url_meta":{"origin":5614,"position":2},"title":"l&rsquo;Impr\u00e9vu","author":"TANX","date":"juillet 31, 2021","format":false,"excerpt":"Linogravure 4 couleurs typo et taille-douce sur papier Hahnem\u00fchle 14,85x21cm (papier) 20 ex num\u00e9rot\u00e9s et sign\u00e9s","rel":"","context":"Article similaire","block_context":{"text":"Article similaire","link":""},"img":{"alt_text":"","src":"https:\/\/i0.wp.com\/www.tanx.fr\/shopping\/wp-content\/uploads\/20210731_Imprevu1.jpg?resize=350%2C200&ssl=1","width":350,"height":200,"srcset":"https:\/\/i0.wp.com\/www.tanx.fr\/shopping\/wp-content\/uploads\/20210731_Imprevu1.jpg?resize=350%2C200&ssl=1 1x, https:\/\/i0.wp.com\/www.tanx.fr\/shopping\/wp-content\/uploads\/20210731_Imprevu1.jpg?resize=525%2C300&ssl=1 1.5x, https:\/\/i0.wp.com\/www.tanx.fr\/shopping\/wp-content\/uploads\/20210731_Imprevu1.jpg?resize=700%2C400&ssl=1 2x"},"classes":[]},{"id":1149,"url":"https:\/\/www.tanx.fr\/shopping\/produit\/vanite\/","url_meta":{"origin":5614,"position":3},"title":"Vanit\u00e9","author":"TANX","date":"octobre 29, 2019","format":false,"excerpt":"linogravure environ 10,5x16cm sur papier 16,7\u00d721,7cm Papier Arches 170gr, encre noir Vignette 45 exemplaires num\u00e9rot\u00e9s et sign\u00e9s","rel":"","context":"Article similaire","block_context":{"text":"Article similaire","link":""},"img":{"alt_text":"","src":"https:\/\/i0.wp.com\/www.tanx.fr\/shopping\/wp-content\/uploads\/2018\/08\/GRAVURES\/TAILLE%20EPARGNE\/20160822-1.jpg?resize=350%2C200&ssl=1","width":350,"height":200,"srcset":"https:\/\/i0.wp.com\/www.tanx.fr\/shopping\/wp-content\/uploads\/2018\/08\/GRAVURES\/TAILLE%20EPARGNE\/20160822-1.jpg?resize=350%2C200&ssl=1 1x, https:\/\/i0.wp.com\/www.tanx.fr\/shopping\/wp-content\/uploads\/2018\/08\/GRAVURES\/TAILLE%20EPARGNE\/20160822-1.jpg?resize=525%2C300&ssl=1 1.5x, https:\/\/i0.wp.com\/www.tanx.fr\/shopping\/wp-content\/uploads\/2018\/08\/GRAVURES\/TAILLE%20EPARGNE\/20160822-1.jpg?resize=700%2C400&ssl=1 2x"},"classes":[]},{"id":6192,"url":"https:\/\/www.tanx.fr\/shopping\/produit\/tango-macabre\/","url_meta":{"origin":5614,"position":4},"title":"Tango Macabre","author":"TANX","date":"mars 21, 2023","format":false,"excerpt":"Linogravure encre typographique sur papier fait main \u00e0 bords frang\u00e9s. gravure 14,8x21cm papier environ A4 23 ex num\u00e9rot\u00e9s sign\u00e9s","rel":"","context":"Article similaire","block_context":{"text":"Article similaire","link":""},"img":{"alt_text":"","src":"https:\/\/i0.wp.com\/www.tanx.fr\/shopping\/wp-content\/uploads\/20230320_tangomacabre1.jpg?resize=350%2C200&ssl=1","width":350,"height":200,"srcset":"https:\/\/i0.wp.com\/www.tanx.fr\/shopping\/wp-content\/uploads\/20230320_tangomacabre1.jpg?resize=350%2C200&ssl=1 1x, https:\/\/i0.wp.com\/www.tanx.fr\/shopping\/wp-content\/uploads\/20230320_tangomacabre1.jpg?resize=525%2C300&ssl=1 1.5x, https:\/\/i0.wp.com\/www.tanx.fr\/shopping\/wp-content\/uploads\/20230320_tangomacabre1.jpg?resize=700%2C400&ssl=1 2x"},"classes":[]},{"id":1128,"url":"https:\/\/www.tanx.fr\/shopping\/produit\/la-derniere-tournee\/","url_meta":{"origin":5614,"position":5},"title":"La derni\u00e8re tourn\u00e9e","author":"TANX","date":"octobre 29, 2019","format":false,"excerpt":"Linogravure 4 couleurs Encres typographiques sur papier Dor\u00e9e 180gr 11,5x15cm (papier) 19 ex num\u00e9rot\u00e9s et sign\u00e9s","rel":"","context":"Article similaire","block_context":{"text":"Article similaire","link":""},"img":{"alt_text":"","src":"https:\/\/i0.wp.com\/www.tanx.fr\/shopping\/wp-content\/uploads\/20190119-tournee.jpg?resize=350%2C200&ssl=1","width":350,"height":200,"srcset":"https:\/\/i0.wp.com\/www.tanx.fr\/shopping\/wp-content\/uploads\/20190119-tournee.jpg?resize=350%2C200&ssl=1 1x, https:\/\/i0.wp.com\/www.tanx.fr\/shopping\/wp-content\/uploads\/20190119-tournee.jpg?resize=525%2C300&ssl=1 1.5x"},"classes":[]}],"_links":{"self":[{"href":"https:\/\/www.tanx.fr\/shopping\/wp-json\/wp\/v2\/product\/5614","targetHints":{"allow":["GET"]}}],"collection":[{"href":"https:\/\/www.tanx.fr\/shopping\/wp-json\/wp\/v2\/product"}],"about":[{"href":"https:\/\/www.tanx.fr\/shopping\/wp-json\/wp\/v2\/types\/product"}],"wp:featuredmedia":[{"embeddable":true,"href":"https:\/\/www.tanx.fr\/shopping\/wp-json\/wp\/v2\/media\/5615"}],"wp:attachment":[{"href":"https:\/\/www.tanx.fr\/shopping\/wp-json\/wp\/v2\/media?parent=5614"}],"wp:term":[{"taxonomy":"product_brand","embeddable":true,"href":"https:\/\/www.tanx.fr\/shopping\/wp-json\/wp\/v2\/product_brand?post=5614"},{"taxonomy":"product_cat","embeddable":true,"href":"https:\/\/www.tanx.fr\/shopping\/wp-json\/wp\/v2\/product_cat?post=5614"},{"taxonomy":"product_tag","embeddable":true,"href":"https:\/\/www.tanx.fr\/shopping\/wp-json\/wp\/v2\/product_tag?post=5614"}],"curies":[{"name":"wp","href":"https:\/\/api.w.org\/{rel}","templated":true}]}}