{"id":5750,"date":"2022-05-19T17:17:34","date_gmt":"2022-05-19T17:17:34","guid":{"rendered":"http:\/\/www.tanx.fr\/shopping\/?post_type=product&#038;p=5750"},"modified":"2025-11-28T14:33:56","modified_gmt":"2025-11-28T14:33:56","slug":"le-poete","status":"publish","type":"product","link":"https:\/\/www.tanx.fr\/shopping\/produit\/le-poete\/","title":{"rendered":"le po\u00e8te"},"content":{"rendered":"","protected":false},"excerpt":{"rendered":"<p>Linogravure 5 passages (dont 2 en r\u00e9duction) sur papier fabriano rosaspina cr\u00e8me<br \/>\nencres typographiques<\/p>\n","protected":false},"featured_media":5751,"template":"","meta":{"jetpack_post_was_ever_published":false},"product_brand":[],"product_cat":[130,221],"product_tag":[],"class_list":{"0":"post-5750","1":"product","2":"type-product","3":"status-publish","4":"has-post-thumbnail","6":"product_cat-gravure","7":"product_cat-petit-format","8":"product_shipping_class-100gr","10":"first","11":"instock","12":"shipping-taxable","13":"purchasable","14":"product-type-simple"},"jetpack_sharing_enabled":true,"jetpack-related-posts":[{"id":1151,"url":"https:\/\/www.tanx.fr\/shopping\/produit\/la-saison-des-asperges\/","url_meta":{"origin":5750,"position":0},"title":"la saison des asperges","author":"TANX","date":"octobre 29, 2019","format":false,"excerpt":"Linogravure 2 couleurs en r\u00e9duction, encre offset sur papier Fabriano Rosaspina 16,6x 17,5cm 48 exemplaires num\u00e9rot\u00e9s et sign\u00e9s","rel":"","context":"Article similaire","block_context":{"text":"Article similaire","link":""},"img":{"alt_text":"","src":"https:\/\/i0.wp.com\/www.tanx.fr\/shopping\/wp-content\/uploads\/2018\/08\/GRAVURES\/TAILLE%20EPARGNE\/20170313-asperges1.jpg?resize=350%2C200&ssl=1","width":350,"height":200,"srcset":"https:\/\/i0.wp.com\/www.tanx.fr\/shopping\/wp-content\/uploads\/2018\/08\/GRAVURES\/TAILLE%20EPARGNE\/20170313-asperges1.jpg?resize=350%2C200&ssl=1 1x, https:\/\/i0.wp.com\/www.tanx.fr\/shopping\/wp-content\/uploads\/2018\/08\/GRAVURES\/TAILLE%20EPARGNE\/20170313-asperges1.jpg?resize=525%2C300&ssl=1 1.5x, https:\/\/i0.wp.com\/www.tanx.fr\/shopping\/wp-content\/uploads\/2018\/08\/GRAVURES\/TAILLE%20EPARGNE\/20170313-asperges1.jpg?resize=700%2C400&ssl=1 2x"},"classes":[]},{"id":5318,"url":"https:\/\/www.tanx.fr\/shopping\/produit\/carnivore\/","url_meta":{"origin":5750,"position":1},"title":"Carnivore","author":"TANX","date":"juin 3, 2021","format":false,"excerpt":"Linogravure 6 passages dont 2 en r\u00e9duction, encres typographiques. 10,5x15cm (lino) sur papier Hahnem\u00fclhe 14,85,21cm 24 ex num\u00e9rot\u00e9s et sign\u00e9s \u00a0 \u00a0","rel":"","context":"Article similaire","block_context":{"text":"Article similaire","link":""},"img":{"alt_text":"","src":"https:\/\/i0.wp.com\/www.tanx.fr\/shopping\/wp-content\/uploads\/20210603_carnivore1.jpg?resize=350%2C200&ssl=1","width":350,"height":200,"srcset":"https:\/\/i0.wp.com\/www.tanx.fr\/shopping\/wp-content\/uploads\/20210603_carnivore1.jpg?resize=350%2C200&ssl=1 1x, https:\/\/i0.wp.com\/www.tanx.fr\/shopping\/wp-content\/uploads\/20210603_carnivore1.jpg?resize=525%2C300&ssl=1 1.5x"},"classes":[]},{"id":6131,"url":"https:\/\/www.tanx.fr\/shopping\/produit\/demon-bite\/","url_meta":{"origin":5750,"position":2},"title":"d\u00e9mon","author":"TANX","date":"f\u00e9vrier 3, 2023","format":false,"excerpt":"linogravure 3 couleurs dont 2 en r\u00e9duction, encres typos sur papier fabriano cr\u00e8me. environ A5, plus ou moins. 21 ex num\u00e9rot\u00e9s et sign\u00e9s comme chez les vrais professionnels de la profession de l'artisanat de fronce.","rel":"","context":"Article similaire","block_context":{"text":"Article similaire","link":""},"img":{"alt_text":"","src":"https:\/\/i0.wp.com\/www.tanx.fr\/shopping\/wp-content\/uploads\/20230203_demonbite.jpg?resize=350%2C200&ssl=1","width":350,"height":200,"srcset":"https:\/\/i0.wp.com\/www.tanx.fr\/shopping\/wp-content\/uploads\/20230203_demonbite.jpg?resize=350%2C200&ssl=1 1x, https:\/\/i0.wp.com\/www.tanx.fr\/shopping\/wp-content\/uploads\/20230203_demonbite.jpg?resize=525%2C300&ssl=1 1.5x, https:\/\/i0.wp.com\/www.tanx.fr\/shopping\/wp-content\/uploads\/20230203_demonbite.jpg?resize=700%2C400&ssl=1 2x, https:\/\/i0.wp.com\/www.tanx.fr\/shopping\/wp-content\/uploads\/20230203_demonbite.jpg?resize=1050%2C600&ssl=1 3x, https:\/\/i0.wp.com\/www.tanx.fr\/shopping\/wp-content\/uploads\/20230203_demonbite.jpg?resize=1400%2C800&ssl=1 4x"},"classes":[]},{"id":5424,"url":"https:\/\/www.tanx.fr\/shopping\/produit\/ils-se-pomponnent\/","url_meta":{"origin":5750,"position":3},"title":"ils se pomponnent","author":"TANX","date":"ao\u00fbt 26, 2021","format":false,"excerpt":"Linogravure d'apr\u00e8s le Caprice de Goya gravure 10,5x15cm sur papier 14,85x21cm 3 passages couleurs dont 2 en r\u00e9duction, encres typo papier Wenzhou maroufl\u00e9 22 exemplaires (tirage unique)","rel":"","context":"Article similaire","block_context":{"text":"Article similaire","link":""},"img":{"alt_text":"","src":"https:\/\/i0.wp.com\/www.tanx.fr\/shopping\/wp-content\/uploads\/20210826_goya1.jpg?resize=350%2C200&ssl=1","width":350,"height":200,"srcset":"https:\/\/i0.wp.com\/www.tanx.fr\/shopping\/wp-content\/uploads\/20210826_goya1.jpg?resize=350%2C200&ssl=1 1x, https:\/\/i0.wp.com\/www.tanx.fr\/shopping\/wp-content\/uploads\/20210826_goya1.jpg?resize=525%2C300&ssl=1 1.5x, https:\/\/i0.wp.com\/www.tanx.fr\/shopping\/wp-content\/uploads\/20210826_goya1.jpg?resize=700%2C400&ssl=1 2x"},"classes":[]},{"id":1134,"url":"https:\/\/www.tanx.fr\/shopping\/produit\/la-lutte\/","url_meta":{"origin":5750,"position":4},"title":"la Lutte","author":"TANX","date":"octobre 29, 2019","format":false,"excerpt":"Remise en main propre (merci de m\u2019\u00e9crire avant de passer la commande) ou envoi par mondial relay. Dans le cas de l\u2019envoi, merci de r\u00e9pondre \u00e0 l\u2019email envoy\u00e9 apr\u00e8s commande pour choisi un point relai de r\u00e9ception. linogravure encre offset sur papier Fabriano Rosaspina 220gr blanc. 35x50cm (papier) tirage de\u2026","rel":"","context":"Article similaire","block_context":{"text":"Article similaire","link":""},"img":{"alt_text":"","src":"https:\/\/i0.wp.com\/www.tanx.fr\/shopping\/wp-content\/uploads\/2018\/08\/GRAVURES\/TAILLE%20EPARGNE\/20180621-lutte.jpg?resize=350%2C200&ssl=1","width":350,"height":200,"srcset":"https:\/\/i0.wp.com\/www.tanx.fr\/shopping\/wp-content\/uploads\/2018\/08\/GRAVURES\/TAILLE%20EPARGNE\/20180621-lutte.jpg?resize=350%2C200&ssl=1 1x, https:\/\/i0.wp.com\/www.tanx.fr\/shopping\/wp-content\/uploads\/2018\/08\/GRAVURES\/TAILLE%20EPARGNE\/20180621-lutte.jpg?resize=525%2C300&ssl=1 1.5x, https:\/\/i0.wp.com\/www.tanx.fr\/shopping\/wp-content\/uploads\/2018\/08\/GRAVURES\/TAILLE%20EPARGNE\/20180621-lutte.jpg?resize=700%2C400&ssl=1 2x"},"classes":[]},{"id":5614,"url":"https:\/\/www.tanx.fr\/shopping\/produit\/morillosaurus\/","url_meta":{"origin":5750,"position":5},"title":"Morillosaurus","author":"TANX","date":"janvier 21, 2022","format":false,"excerpt":"D'apr\u00e8s une peinture de Lucas Ferrero, qui a donc une partie de ce tirage en vente de son c\u00f4t\u00e9 aussi Linogravure 5 passages (dont un en r\u00e9duction) encres typos sur papier Hahnemulhe 12x18 environ (papier) 28 ex num\u00e9rot\u00e9s et sign\u00e9s","rel":"","context":"Article similaire","block_context":{"text":"Article similaire","link":""},"img":{"alt_text":"","src":"https:\/\/i0.wp.com\/www.tanx.fr\/shopping\/wp-content\/uploads\/20220120_morillosaurus.jpg?resize=350%2C200&ssl=1","width":350,"height":200,"srcset":"https:\/\/i0.wp.com\/www.tanx.fr\/shopping\/wp-content\/uploads\/20220120_morillosaurus.jpg?resize=350%2C200&ssl=1 1x, https:\/\/i0.wp.com\/www.tanx.fr\/shopping\/wp-content\/uploads\/20220120_morillosaurus.jpg?resize=525%2C300&ssl=1 1.5x, https:\/\/i0.wp.com\/www.tanx.fr\/shopping\/wp-content\/uploads\/20220120_morillosaurus.jpg?resize=700%2C400&ssl=1 2x"},"classes":[]}],"_links":{"self":[{"href":"https:\/\/www.tanx.fr\/shopping\/wp-json\/wp\/v2\/product\/5750","targetHints":{"allow":["GET"]}}],"collection":[{"href":"https:\/\/www.tanx.fr\/shopping\/wp-json\/wp\/v2\/product"}],"about":[{"href":"https:\/\/www.tanx.fr\/shopping\/wp-json\/wp\/v2\/types\/product"}],"wp:featuredmedia":[{"embeddable":true,"href":"https:\/\/www.tanx.fr\/shopping\/wp-json\/wp\/v2\/media\/5751"}],"wp:attachment":[{"href":"https:\/\/www.tanx.fr\/shopping\/wp-json\/wp\/v2\/media?parent=5750"}],"wp:term":[{"taxonomy":"product_brand","embeddable":true,"href":"https:\/\/www.tanx.fr\/shopping\/wp-json\/wp\/v2\/product_brand?post=5750"},{"taxonomy":"product_cat","embeddable":true,"href":"https:\/\/www.tanx.fr\/shopping\/wp-json\/wp\/v2\/product_cat?post=5750"},{"taxonomy":"product_tag","embeddable":true,"href":"https:\/\/www.tanx.fr\/shopping\/wp-json\/wp\/v2\/product_tag?post=5750"}],"curies":[{"name":"wp","href":"https:\/\/api.w.org\/{rel}","templated":true}]}}