{"id":6192,"date":"2023-03-21T08:08:51","date_gmt":"2023-03-21T08:08:51","guid":{"rendered":"http:\/\/www.tanx.fr\/shopping\/?post_type=product&#038;p=6192"},"modified":"2025-08-19T06:47:15","modified_gmt":"2025-08-19T06:47:15","slug":"tango-macabre","status":"publish","type":"product","link":"https:\/\/www.tanx.fr\/shopping\/produit\/tango-macabre\/","title":{"rendered":"Tango Macabre"},"content":{"rendered":"","protected":false},"excerpt":{"rendered":"<p>Linogravure encre typographique sur papier fait main \u00e0 bords frang\u00e9s.<br \/>\ngravure 14,8x21cm papier environ A4<br \/>\n23 ex num\u00e9rot\u00e9s sign\u00e9s<\/p>\n","protected":false},"featured_media":6193,"template":"","meta":{"jetpack_post_was_ever_published":false},"product_brand":[],"product_cat":[222,130],"product_tag":[],"class_list":{"0":"post-6192","1":"product","2":"type-product","3":"status-publish","4":"has-post-thumbnail","6":"product_cat-grand-format","7":"product_cat-gravure","8":"product_shipping_class-250gr","10":"first","11":"instock","12":"shipping-taxable","13":"purchasable","14":"product-type-simple"},"jetpack_sharing_enabled":true,"jetpack-related-posts":[{"id":5951,"url":"https:\/\/www.tanx.fr\/shopping\/produit\/plein-le-cul\/","url_meta":{"origin":6192,"position":0},"title":"plein le cul","author":"TANX","date":"novembre 17, 2022","format":false,"excerpt":"linogravure,\u00a0 encre typographique sur papier fait main \u00e0 bords frang\u00e9s\u00a0 format 29,7x42cm (papier) tirage de 12 exemplaires num\u00e9rot\u00e9s et sign\u00e9s remise en main propre possible sur Paris selon mes dispos (m'\u00e9crire \u00e0 tanxxx(at)riseup.net)\u00a0 ou envoi en recommand\u00e9","rel":"","context":"Article similaire","block_context":{"text":"Article similaire","link":""},"img":{"alt_text":"","src":"https:\/\/i0.wp.com\/www.tanx.fr\/shopping\/wp-content\/uploads\/20221028_pleinlecul2.jpg?resize=350%2C200&ssl=1","width":350,"height":200,"srcset":"https:\/\/i0.wp.com\/www.tanx.fr\/shopping\/wp-content\/uploads\/20221028_pleinlecul2.jpg?resize=350%2C200&ssl=1 1x, https:\/\/i0.wp.com\/www.tanx.fr\/shopping\/wp-content\/uploads\/20221028_pleinlecul2.jpg?resize=525%2C300&ssl=1 1.5x, https:\/\/i0.wp.com\/www.tanx.fr\/shopping\/wp-content\/uploads\/20221028_pleinlecul2.jpg?resize=700%2C400&ssl=1 2x, https:\/\/i0.wp.com\/www.tanx.fr\/shopping\/wp-content\/uploads\/20221028_pleinlecul2.jpg?resize=1050%2C600&ssl=1 3x, https:\/\/i0.wp.com\/www.tanx.fr\/shopping\/wp-content\/uploads\/20221028_pleinlecul2.jpg?resize=1400%2C800&ssl=1 4x"},"classes":[]},{"id":1128,"url":"https:\/\/www.tanx.fr\/shopping\/produit\/la-derniere-tournee\/","url_meta":{"origin":6192,"position":1},"title":"La derni\u00e8re tourn\u00e9e","author":"TANX","date":"octobre 29, 2019","format":false,"excerpt":"Linogravure 4 couleurs Encres typographiques sur papier Dor\u00e9e 180gr 11,5x15cm (papier) 19 ex num\u00e9rot\u00e9s et sign\u00e9s","rel":"","context":"Article similaire","block_context":{"text":"Article similaire","link":""},"img":{"alt_text":"","src":"https:\/\/i0.wp.com\/www.tanx.fr\/shopping\/wp-content\/uploads\/20190119-tournee.jpg?resize=350%2C200&ssl=1","width":350,"height":200,"srcset":"https:\/\/i0.wp.com\/www.tanx.fr\/shopping\/wp-content\/uploads\/20190119-tournee.jpg?resize=350%2C200&ssl=1 1x, https:\/\/i0.wp.com\/www.tanx.fr\/shopping\/wp-content\/uploads\/20190119-tournee.jpg?resize=525%2C300&ssl=1 1.5x"},"classes":[]},{"id":5722,"url":"https:\/\/www.tanx.fr\/shopping\/produit\/seul-vrai-truc\/","url_meta":{"origin":6192,"position":2},"title":"Seul vrai truc (bichro)","author":"TANX","date":"mars 31, 2022","format":false,"excerpt":"Linogravure 2 couleurs. Encre typographique sur\u00a0 papier bambou la lino fait 15x20cm 13 ex num\u00e9rot\u00e9s et sign\u00e9s","rel":"","context":"Article similaire","block_context":{"text":"Article similaire","link":""},"img":{"alt_text":"","src":"https:\/\/i0.wp.com\/www.tanx.fr\/shopping\/wp-content\/uploads\/20220331_cu1.jpg?resize=350%2C200&ssl=1","width":350,"height":200,"srcset":"https:\/\/i0.wp.com\/www.tanx.fr\/shopping\/wp-content\/uploads\/20220331_cu1.jpg?resize=350%2C200&ssl=1 1x, https:\/\/i0.wp.com\/www.tanx.fr\/shopping\/wp-content\/uploads\/20220331_cu1.jpg?resize=525%2C300&ssl=1 1.5x, https:\/\/i0.wp.com\/www.tanx.fr\/shopping\/wp-content\/uploads\/20220331_cu1.jpg?resize=700%2C400&ssl=1 2x"},"classes":[]},{"id":5318,"url":"https:\/\/www.tanx.fr\/shopping\/produit\/carnivore\/","url_meta":{"origin":6192,"position":3},"title":"Carnivore","author":"TANX","date":"juin 3, 2021","format":false,"excerpt":"Linogravure 6 passages dont 2 en r\u00e9duction, encres typographiques. 10,5x15cm (lino) sur papier Hahnem\u00fclhe 14,85,21cm 24 ex num\u00e9rot\u00e9s et sign\u00e9s \u00a0 \u00a0","rel":"","context":"Article similaire","block_context":{"text":"Article similaire","link":""},"img":{"alt_text":"","src":"https:\/\/i0.wp.com\/www.tanx.fr\/shopping\/wp-content\/uploads\/20210603_carnivore1.jpg?resize=350%2C200&ssl=1","width":350,"height":200,"srcset":"https:\/\/i0.wp.com\/www.tanx.fr\/shopping\/wp-content\/uploads\/20210603_carnivore1.jpg?resize=350%2C200&ssl=1 1x, https:\/\/i0.wp.com\/www.tanx.fr\/shopping\/wp-content\/uploads\/20210603_carnivore1.jpg?resize=525%2C300&ssl=1 1.5x"},"classes":[]},{"id":5614,"url":"https:\/\/www.tanx.fr\/shopping\/produit\/morillosaurus\/","url_meta":{"origin":6192,"position":4},"title":"Morillosaurus","author":"TANX","date":"janvier 21, 2022","format":false,"excerpt":"D'apr\u00e8s une peinture de Lucas Ferrero, qui a donc une partie de ce tirage en vente de son c\u00f4t\u00e9 aussi Linogravure 5 passages (dont un en r\u00e9duction) encres typos sur papier Hahnemulhe 12x18 environ (papier) 28 ex num\u00e9rot\u00e9s et sign\u00e9s","rel":"","context":"Article similaire","block_context":{"text":"Article similaire","link":""},"img":{"alt_text":"","src":"https:\/\/i0.wp.com\/www.tanx.fr\/shopping\/wp-content\/uploads\/20220120_morillosaurus.jpg?resize=350%2C200&ssl=1","width":350,"height":200,"srcset":"https:\/\/i0.wp.com\/www.tanx.fr\/shopping\/wp-content\/uploads\/20220120_morillosaurus.jpg?resize=350%2C200&ssl=1 1x, https:\/\/i0.wp.com\/www.tanx.fr\/shopping\/wp-content\/uploads\/20220120_morillosaurus.jpg?resize=525%2C300&ssl=1 1.5x, https:\/\/i0.wp.com\/www.tanx.fr\/shopping\/wp-content\/uploads\/20220120_morillosaurus.jpg?resize=700%2C400&ssl=1 2x"},"classes":[]},{"id":6146,"url":"https:\/\/www.tanx.fr\/shopping\/produit\/bombe\/","url_meta":{"origin":6192,"position":5},"title":"bombe","author":"TANX","date":"f\u00e9vrier 16, 2023","format":false,"excerpt":"linogravure 4 couleurs encres typos sur fabriano cr\u00e8me, papier 12,5x17,5cm 24 ex num\u00e9rot\u00e9s sign\u00e9s","rel":"","context":"Article similaire","block_context":{"text":"Article similaire","link":""},"img":{"alt_text":"","src":"https:\/\/i0.wp.com\/www.tanx.fr\/shopping\/wp-content\/uploads\/20230216_bombe.jpg?resize=350%2C200&ssl=1","width":350,"height":200,"srcset":"https:\/\/i0.wp.com\/www.tanx.fr\/shopping\/wp-content\/uploads\/20230216_bombe.jpg?resize=350%2C200&ssl=1 1x, https:\/\/i0.wp.com\/www.tanx.fr\/shopping\/wp-content\/uploads\/20230216_bombe.jpg?resize=525%2C300&ssl=1 1.5x, https:\/\/i0.wp.com\/www.tanx.fr\/shopping\/wp-content\/uploads\/20230216_bombe.jpg?resize=700%2C400&ssl=1 2x"},"classes":[]}],"_links":{"self":[{"href":"https:\/\/www.tanx.fr\/shopping\/wp-json\/wp\/v2\/product\/6192","targetHints":{"allow":["GET"]}}],"collection":[{"href":"https:\/\/www.tanx.fr\/shopping\/wp-json\/wp\/v2\/product"}],"about":[{"href":"https:\/\/www.tanx.fr\/shopping\/wp-json\/wp\/v2\/types\/product"}],"wp:featuredmedia":[{"embeddable":true,"href":"https:\/\/www.tanx.fr\/shopping\/wp-json\/wp\/v2\/media\/6193"}],"wp:attachment":[{"href":"https:\/\/www.tanx.fr\/shopping\/wp-json\/wp\/v2\/media?parent=6192"}],"wp:term":[{"taxonomy":"product_brand","embeddable":true,"href":"https:\/\/www.tanx.fr\/shopping\/wp-json\/wp\/v2\/product_brand?post=6192"},{"taxonomy":"product_cat","embeddable":true,"href":"https:\/\/www.tanx.fr\/shopping\/wp-json\/wp\/v2\/product_cat?post=6192"},{"taxonomy":"product_tag","embeddable":true,"href":"https:\/\/www.tanx.fr\/shopping\/wp-json\/wp\/v2\/product_tag?post=6192"}],"curies":[{"name":"wp","href":"https:\/\/api.w.org\/{rel}","templated":true}]}}