{"id":6457,"date":"2023-07-20T11:29:27","date_gmt":"2023-07-20T11:29:27","guid":{"rendered":"http:\/\/www.tanx.fr\/shopping\/?post_type=product&#038;p=6457"},"modified":"2026-02-21T08:08:09","modified_gmt":"2026-02-21T08:08:09","slug":"magazine","status":"publish","type":"product","link":"https:\/\/www.tanx.fr\/shopping\/produit\/magazine\/","title":{"rendered":"MAGAZINE"},"content":{"rendered":"","protected":false},"excerpt":{"rendered":"<p><span data-offset-key=\"e65ai-0-0\"><em>MAGAZINE<\/em>, le magazine du magazine<br \/>\nTout noir et blanc, pages dessin\u00e9es \u00e0 la main et avec des stylos Mecanorma \u00e0 pointes tubulaires de tailles vari\u00e9es. Impression num\u00e9rique.<br \/>\n20 pages, format 12x17cm. Tirage limit\u00e9.<\/span><\/p>\n<p>&nbsp;<\/p>\n","protected":false},"featured_media":6511,"template":"","meta":{"jetpack_post_was_ever_published":false},"product_brand":[],"product_cat":[137],"product_tag":[],"class_list":{"0":"post-6457","1":"product","2":"type-product","3":"status-publish","4":"has-post-thumbnail","6":"product_cat-livres-zines","7":"product_shipping_class-100gr","9":"first","10":"instock","11":"shipping-taxable","12":"purchasable","13":"product-type-simple"},"jetpack_sharing_enabled":true,"jetpack-related-posts":[{"id":6920,"url":"https:\/\/www.tanx.fr\/shopping\/produit\/baraques-a-frites\/","url_meta":{"origin":6457,"position":0},"title":"Baraques \u00e0 frites","author":"TANX","date":"janvier 25, 2024","format":false,"excerpt":"Livre de dessins de mecs \u00e0 poil, avec une variation de th\u00e8mes pour tous les pervers (frites, glande\u00a0 et plein air compris) 64 pages noir et blanc, format 14,8x21cm, dos carr\u00e9 coll\u00e9. papier 130 grammes et couv nacr\u00e9e 300gr. \u00a0","rel":"","context":"Article similaire","block_context":{"text":"Article similaire","link":""},"img":{"alt_text":"","src":"https:\/\/i0.wp.com\/www.tanx.fr\/shopping\/wp-content\/uploads\/20240125_mecsapoil1.jpg?resize=350%2C200&ssl=1","width":350,"height":200,"srcset":"https:\/\/i0.wp.com\/www.tanx.fr\/shopping\/wp-content\/uploads\/20240125_mecsapoil1.jpg?resize=350%2C200&ssl=1 1x, https:\/\/i0.wp.com\/www.tanx.fr\/shopping\/wp-content\/uploads\/20240125_mecsapoil1.jpg?resize=525%2C300&ssl=1 1.5x, https:\/\/i0.wp.com\/www.tanx.fr\/shopping\/wp-content\/uploads\/20240125_mecsapoil1.jpg?resize=700%2C400&ssl=1 2x"},"classes":[]},{"id":6202,"url":"https:\/\/www.tanx.fr\/shopping\/produit\/tanx-dessine-des-femmes-a-poil\/","url_meta":{"origin":6457,"position":1},"title":"tanx dessine des meufs \u00e0 poil","author":"TANX","date":"mars 27, 2023","format":false,"excerpt":"petit livre de dessins de femmes pas tr\u00e8s habill\u00e9es comme le titre l'indique. 40 pages, noir et blanc couv couleur papier 170gr couv 260gr format 14,8x21cm dos carr\u00e9 coll\u00e9","rel":"","context":"Article similaire","block_context":{"text":"Article similaire","link":""},"img":{"alt_text":"","src":"https:\/\/i0.wp.com\/www.tanx.fr\/shopping\/wp-content\/uploads\/20230403_meufsapoil1.jpg?resize=350%2C200&ssl=1","width":350,"height":200,"srcset":"https:\/\/i0.wp.com\/www.tanx.fr\/shopping\/wp-content\/uploads\/20230403_meufsapoil1.jpg?resize=350%2C200&ssl=1 1x, https:\/\/i0.wp.com\/www.tanx.fr\/shopping\/wp-content\/uploads\/20230403_meufsapoil1.jpg?resize=525%2C300&ssl=1 1.5x, https:\/\/i0.wp.com\/www.tanx.fr\/shopping\/wp-content\/uploads\/20230403_meufsapoil1.jpg?resize=700%2C400&ssl=1 2x"},"classes":[]},{"id":5796,"url":"https:\/\/www.tanx.fr\/shopping\/produit\/lamour-cest-de-la-merde\/","url_meta":{"origin":6457,"position":2},"title":"l&rsquo;amour c&rsquo;est de la merde","author":"TANX","date":"ao\u00fbt 27, 2022","format":false,"excerpt":"\"m'est avis que \u00e7a va tout rafler \u00e0 la rentr\u00e9e litt\u00e9raire et que Gallimerd aura bien l'air con\" - Bernard Pivot BD 36 pages full colors agraf\u00e9es, de format 14,8x21cm \u00a0","rel":"","context":"Article similaire","block_context":{"text":"Article similaire","link":""},"img":{"alt_text":"","src":"https:\/\/i0.wp.com\/www.tanx.fr\/shopping\/wp-content\/uploads\/20220905_LoboTG1-1.jpg?resize=350%2C200&ssl=1","width":350,"height":200,"srcset":"https:\/\/i0.wp.com\/www.tanx.fr\/shopping\/wp-content\/uploads\/20220905_LoboTG1-1.jpg?resize=350%2C200&ssl=1 1x, https:\/\/i0.wp.com\/www.tanx.fr\/shopping\/wp-content\/uploads\/20220905_LoboTG1-1.jpg?resize=525%2C300&ssl=1 1.5x, https:\/\/i0.wp.com\/www.tanx.fr\/shopping\/wp-content\/uploads\/20220905_LoboTG1-1.jpg?resize=700%2C400&ssl=1 2x, https:\/\/i0.wp.com\/www.tanx.fr\/shopping\/wp-content\/uploads\/20220905_LoboTG1-1.jpg?resize=1050%2C600&ssl=1 3x, https:\/\/i0.wp.com\/www.tanx.fr\/shopping\/wp-content\/uploads\/20220905_LoboTG1-1.jpg?resize=1400%2C800&ssl=1 4x"},"classes":[]},{"id":6542,"url":"https:\/\/www.tanx.fr\/shopping\/produit\/semmerder\/","url_meta":{"origin":6457,"position":3},"title":"S&#8217;emmerder \u00e0 Paris comme partout ailleurs","author":"TANX","date":"ao\u00fbt 22, 2023","format":false,"excerpt":"amour gloire & beaut\u00e9 dans le prestigieux d\u00e9cors de la belle cit\u00e9 capitale culturelle qu'est Paris. recueil de textes \u00e9crits entre mars 2022 et mai 2023 240 pages, format 10,5x14,8cm","rel":"","context":"Article similaire","block_context":{"text":"Article similaire","link":""},"img":{"alt_text":"","src":"https:\/\/i0.wp.com\/www.tanx.fr\/shopping\/wp-content\/uploads\/20230830_semmerder1.jpg?resize=350%2C200&ssl=1","width":350,"height":200,"srcset":"https:\/\/i0.wp.com\/www.tanx.fr\/shopping\/wp-content\/uploads\/20230830_semmerder1.jpg?resize=350%2C200&ssl=1 1x, https:\/\/i0.wp.com\/www.tanx.fr\/shopping\/wp-content\/uploads\/20230830_semmerder1.jpg?resize=525%2C300&ssl=1 1.5x, https:\/\/i0.wp.com\/www.tanx.fr\/shopping\/wp-content\/uploads\/20230830_semmerder1.jpg?resize=700%2C400&ssl=1 2x, https:\/\/i0.wp.com\/www.tanx.fr\/shopping\/wp-content\/uploads\/20230830_semmerder1.jpg?resize=1050%2C600&ssl=1 3x, https:\/\/i0.wp.com\/www.tanx.fr\/shopping\/wp-content\/uploads\/20230830_semmerder1.jpg?resize=1400%2C800&ssl=1 4x"},"classes":[]},{"id":6160,"url":"https:\/\/www.tanx.fr\/shopping\/produit\/ma-methode-infaillible-pour-faire-nimporte-quoi\/","url_meta":{"origin":6457,"position":4},"title":"ma m\u00e9thode infaillible pour faire n&rsquo;importe quoi","author":"TANX","date":"f\u00e9vrier 23, 2023","format":false,"excerpt":"\u00e9t\u00e9 2022 : je m'emmerde, il fait chaud, j'ai pas de place. Les conditions id\u00e9ales pour se lancer dans la s\u00e9rigraphie en studio parisien sous les toits. F\u00e9vrier 2023 : Je m'emmerde, on m'a encore parl\u00e9 des artistes et des auteurs dont j'ai rien \u00e0 foutre. Les conditions id\u00e9ales pour\u2026","rel":"","context":"Article similaire","block_context":{"text":"Article similaire","link":""},"img":{"alt_text":"","src":"https:\/\/i0.wp.com\/www.tanx.fr\/shopping\/wp-content\/uploads\/20230223methode.jpg?resize=350%2C200&ssl=1","width":350,"height":200,"srcset":"https:\/\/i0.wp.com\/www.tanx.fr\/shopping\/wp-content\/uploads\/20230223methode.jpg?resize=350%2C200&ssl=1 1x, https:\/\/i0.wp.com\/www.tanx.fr\/shopping\/wp-content\/uploads\/20230223methode.jpg?resize=525%2C300&ssl=1 1.5x"},"classes":[]}],"_links":{"self":[{"href":"https:\/\/www.tanx.fr\/shopping\/wp-json\/wp\/v2\/product\/6457","targetHints":{"allow":["GET"]}}],"collection":[{"href":"https:\/\/www.tanx.fr\/shopping\/wp-json\/wp\/v2\/product"}],"about":[{"href":"https:\/\/www.tanx.fr\/shopping\/wp-json\/wp\/v2\/types\/product"}],"wp:featuredmedia":[{"embeddable":true,"href":"https:\/\/www.tanx.fr\/shopping\/wp-json\/wp\/v2\/media\/6511"}],"wp:attachment":[{"href":"https:\/\/www.tanx.fr\/shopping\/wp-json\/wp\/v2\/media?parent=6457"}],"wp:term":[{"taxonomy":"product_brand","embeddable":true,"href":"https:\/\/www.tanx.fr\/shopping\/wp-json\/wp\/v2\/product_brand?post=6457"},{"taxonomy":"product_cat","embeddable":true,"href":"https:\/\/www.tanx.fr\/shopping\/wp-json\/wp\/v2\/product_cat?post=6457"},{"taxonomy":"product_tag","embeddable":true,"href":"https:\/\/www.tanx.fr\/shopping\/wp-json\/wp\/v2\/product_tag?post=6457"}],"curies":[{"name":"wp","href":"https:\/\/api.w.org\/{rel}","templated":true}]}}