{"id":8104,"date":"2025-08-19T07:57:54","date_gmt":"2025-08-19T07:57:54","guid":{"rendered":"https:\/\/www.tanx.fr\/shopping\/?post_type=product&#038;p=8104"},"modified":"2025-08-30T12:20:57","modified_gmt":"2025-08-30T12:20:57","slug":"frontiere","status":"publish","type":"product","link":"https:\/\/www.tanx.fr\/shopping\/produit\/frontiere\/","title":{"rendered":"Fronti\u00e8re"},"content":{"rendered":"","protected":false},"excerpt":{"rendered":"<p>linogravure 2 couleurs en r\u00e9duction<br \/>\nencre \u00e0 l&rsquo;eau + encre taille douce<br \/>\n\u00e9dit\u00e9e pour un portfolio \u00e0 l&rsquo;initiative de Marc Brunier Mestas en 2017<br \/>\nexemplaires d&rsquo;artistes<br \/>\n30&#215;30 cm<\/p>\n<p><strong>envoi via mondial relay ou remise en main propre sur paris : me contacter avant de passer commande \u00e0 tanxxx(at) riseup.net<\/strong><\/p>\n","protected":false},"featured_media":8096,"template":"","meta":{"jetpack_post_was_ever_published":false},"product_brand":[],"product_cat":[222,130],"product_tag":[],"class_list":{"0":"post-8104","1":"product","2":"type-product","3":"status-publish","4":"has-post-thumbnail","6":"product_cat-grand-format","7":"product_cat-gravure","8":"product_shipping_class-500gr","10":"first","11":"instock","12":"shipping-taxable","13":"purchasable","14":"product-type-simple"},"jetpack_sharing_enabled":true,"jetpack-related-posts":[{"id":4534,"url":"https:\/\/www.tanx.fr\/shopping\/produit\/faire-danser-les-morts-couverture\/","url_meta":{"origin":8104,"position":0},"title":"Faire Danser les Morts couverture","author":"TANX","date":"mars 8, 2020","format":false,"excerpt":"le carton fait 45x32cm, pour l'\u00e9chelle original, encre de chine sur papier attention, remise en main propre uniquement, sur Paris. La demande de coordonn\u00e9es est pour mes paperasses et aucun envoi ne sera effectu\u00e9 pour ce produit. Si vous souhaitez le payer en liquide c'est possible, il suffit d'envoyer un\u2026","rel":"","context":"Article similaire","block_context":{"text":"Article similaire","link":""},"img":{"alt_text":"","src":"https:\/\/i0.wp.com\/www.tanx.fr\/shopping\/wp-content\/uploads\/31.jpg?resize=350%2C200&ssl=1","width":350,"height":200,"srcset":"https:\/\/i0.wp.com\/www.tanx.fr\/shopping\/wp-content\/uploads\/31.jpg?resize=350%2C200&ssl=1 1x, https:\/\/i0.wp.com\/www.tanx.fr\/shopping\/wp-content\/uploads\/31.jpg?resize=525%2C300&ssl=1 1.5x, https:\/\/i0.wp.com\/www.tanx.fr\/shopping\/wp-content\/uploads\/31.jpg?resize=700%2C400&ssl=1 2x"},"classes":[]},{"id":6764,"url":"https:\/\/www.tanx.fr\/shopping\/produit\/la-creature-du-marais-qui-tombe-a-pic\/","url_meta":{"origin":8104,"position":1},"title":"la cr\u00e9ature du marais qui tombe \u00e0 pic","author":"TANX","date":"novembre 1, 2023","format":false,"excerpt":"Encre sur papier, format A4. Sign\u00e9 et dat\u00e9. remise en main propre possible sur Paris, me contacter avant transaction.","rel":"","context":"Article similaire","block_context":{"text":"Article similaire","link":""},"img":{"alt_text":"","src":"https:\/\/i0.wp.com\/www.tanx.fr\/shopping\/wp-content\/uploads\/originaux_2022_lacreaturedumarais.jpg?resize=350%2C200&ssl=1","width":350,"height":200,"srcset":"https:\/\/i0.wp.com\/www.tanx.fr\/shopping\/wp-content\/uploads\/originaux_2022_lacreaturedumarais.jpg?resize=350%2C200&ssl=1 1x, https:\/\/i0.wp.com\/www.tanx.fr\/shopping\/wp-content\/uploads\/originaux_2022_lacreaturedumarais.jpg?resize=525%2C300&ssl=1 1.5x, https:\/\/i0.wp.com\/www.tanx.fr\/shopping\/wp-content\/uploads\/originaux_2022_lacreaturedumarais.jpg?resize=700%2C400&ssl=1 2x"},"classes":[]},{"id":7027,"url":"https:\/\/www.tanx.fr\/shopping\/produit\/x-or\/","url_meta":{"origin":8104,"position":2},"title":"X-Or","author":"TANX","date":"mars 27, 2024","format":false,"excerpt":"Dessin original pour une affiche pour un concert de X-or \u00e0 Poitiers encre de chine sur papier, 21x21,7cm","rel":"","context":"Article similaire","block_context":{"text":"Article similaire","link":""},"img":{"alt_text":"","src":"https:\/\/i0.wp.com\/www.tanx.fr\/shopping\/wp-content\/uploads\/2024_originaux_Xor.jpg?resize=350%2C200&ssl=1","width":350,"height":200,"srcset":"https:\/\/i0.wp.com\/www.tanx.fr\/shopping\/wp-content\/uploads\/2024_originaux_Xor.jpg?resize=350%2C200&ssl=1 1x, https:\/\/i0.wp.com\/www.tanx.fr\/shopping\/wp-content\/uploads\/2024_originaux_Xor.jpg?resize=525%2C300&ssl=1 1.5x, https:\/\/i0.wp.com\/www.tanx.fr\/shopping\/wp-content\/uploads\/2024_originaux_Xor.jpg?resize=700%2C400&ssl=1 2x"},"classes":[]},{"id":5431,"url":"https:\/\/www.tanx.fr\/shopping\/produit\/punkparano\/","url_meta":{"origin":8104,"position":3},"title":"punk parano","author":"TANX","date":"ao\u00fbt 31, 2021","format":false,"excerpt":"linogravure encre taille douce \u00e0 bord perdu sur papier Hahnem\u00fchle 180gr 15x21cm monogramme gaufr\u00e9","rel":"","context":"Article similaire","block_context":{"text":"Article similaire","link":""},"img":{"alt_text":"","src":"https:\/\/i0.wp.com\/www.tanx.fr\/shopping\/wp-content\/uploads\/20210831_ponk.jpg?resize=350%2C200&ssl=1","width":350,"height":200,"srcset":"https:\/\/i0.wp.com\/www.tanx.fr\/shopping\/wp-content\/uploads\/20210831_ponk.jpg?resize=350%2C200&ssl=1 1x, https:\/\/i0.wp.com\/www.tanx.fr\/shopping\/wp-content\/uploads\/20210831_ponk.jpg?resize=525%2C300&ssl=1 1.5x, https:\/\/i0.wp.com\/www.tanx.fr\/shopping\/wp-content\/uploads\/20210831_ponk.jpg?resize=700%2C400&ssl=1 2x"},"classes":[]},{"id":4888,"url":"https:\/\/www.tanx.fr\/shopping\/produit\/zombie\/","url_meta":{"origin":8104,"position":4},"title":"Zombie","author":"TANX","date":"septembre 28, 2020","format":false,"excerpt":"Linogravure en r\u00e9duction 4 couleurs, encre \u00e0 l'eau (couleur) et offset (noir) sur papier Dor\u00e9e 170gr 15x21cm tirage de 52 exemplaires num\u00e9rot\u00e9s et sign\u00e9s","rel":"","context":"Article similaire","block_context":{"text":"Article similaire","link":""},"img":{"alt_text":"Zombie linogravure","src":"https:\/\/i0.wp.com\/www.tanx.fr\/shopping\/wp-content\/uploads\/2018\/08\/GRAVURES\/TAILLE%20EPARGNE\/zombie3_1434892800.jpg?resize=350%2C200&ssl=1","width":350,"height":200,"srcset":"https:\/\/i0.wp.com\/www.tanx.fr\/shopping\/wp-content\/uploads\/2018\/08\/GRAVURES\/TAILLE%20EPARGNE\/zombie3_1434892800.jpg?resize=350%2C200&ssl=1 1x, https:\/\/i0.wp.com\/www.tanx.fr\/shopping\/wp-content\/uploads\/2018\/08\/GRAVURES\/TAILLE%20EPARGNE\/zombie3_1434892800.jpg?resize=525%2C300&ssl=1 1.5x, https:\/\/i0.wp.com\/www.tanx.fr\/shopping\/wp-content\/uploads\/2018\/08\/GRAVURES\/TAILLE%20EPARGNE\/zombie3_1434892800.jpg?resize=700%2C400&ssl=1 2x"},"classes":[]},{"id":6192,"url":"https:\/\/www.tanx.fr\/shopping\/produit\/tango-macabre\/","url_meta":{"origin":8104,"position":5},"title":"Tango Macabre","author":"TANX","date":"mars 21, 2023","format":false,"excerpt":"Linogravure encre typographique sur papier fait main \u00e0 bords frang\u00e9s. gravure 14,8x21cm papier environ A4 23 ex num\u00e9rot\u00e9s sign\u00e9s","rel":"","context":"Article similaire","block_context":{"text":"Article similaire","link":""},"img":{"alt_text":"","src":"https:\/\/i0.wp.com\/www.tanx.fr\/shopping\/wp-content\/uploads\/20230320_tangomacabre1.jpg?resize=350%2C200&ssl=1","width":350,"height":200,"srcset":"https:\/\/i0.wp.com\/www.tanx.fr\/shopping\/wp-content\/uploads\/20230320_tangomacabre1.jpg?resize=350%2C200&ssl=1 1x, https:\/\/i0.wp.com\/www.tanx.fr\/shopping\/wp-content\/uploads\/20230320_tangomacabre1.jpg?resize=525%2C300&ssl=1 1.5x, https:\/\/i0.wp.com\/www.tanx.fr\/shopping\/wp-content\/uploads\/20230320_tangomacabre1.jpg?resize=700%2C400&ssl=1 2x"},"classes":[]}],"_links":{"self":[{"href":"https:\/\/www.tanx.fr\/shopping\/wp-json\/wp\/v2\/product\/8104","targetHints":{"allow":["GET"]}}],"collection":[{"href":"https:\/\/www.tanx.fr\/shopping\/wp-json\/wp\/v2\/product"}],"about":[{"href":"https:\/\/www.tanx.fr\/shopping\/wp-json\/wp\/v2\/types\/product"}],"wp:featuredmedia":[{"embeddable":true,"href":"https:\/\/www.tanx.fr\/shopping\/wp-json\/wp\/v2\/media\/8096"}],"wp:attachment":[{"href":"https:\/\/www.tanx.fr\/shopping\/wp-json\/wp\/v2\/media?parent=8104"}],"wp:term":[{"taxonomy":"product_brand","embeddable":true,"href":"https:\/\/www.tanx.fr\/shopping\/wp-json\/wp\/v2\/product_brand?post=8104"},{"taxonomy":"product_cat","embeddable":true,"href":"https:\/\/www.tanx.fr\/shopping\/wp-json\/wp\/v2\/product_cat?post=8104"},{"taxonomy":"product_tag","embeddable":true,"href":"https:\/\/www.tanx.fr\/shopping\/wp-json\/wp\/v2\/product_tag?post=8104"}],"curies":[{"name":"wp","href":"https:\/\/api.w.org\/{rel}","templated":true}]}}